{"id":9244,"date":"2023-04-16T01:44:50","date_gmt":"2023-04-15T23:44:50","guid":{"rendered":"https:\/\/revivre-labs.com\/fr\/?page_id=9244"},"modified":"2025-06-07T22:15:54","modified_gmt":"2025-06-07T20:15:54","slug":"complements-alimentaires-ongles-hns-250","status":"publish","type":"page","link":"https:\/\/revivre-labs.com\/fr\/complements-alimentaires-ongles-hns-250\/","title":{"rendered":"Compl\u00e9ments alimentaires ongles HNS 250"},"content":{"rendered":"\t\t<div data-elementor-type=\"wp-page\" data-elementor-id=\"9244\" class=\"elementor elementor-9244\" data-elementor-post-type=\"page\">\n\t\t\t\t\t\t<section class=\"porto-full-no-gap elementor-section elementor-top-section elementor-element elementor-element-474cf14 elementor-section-full_width elementor-section-height-default elementor-section-height-default\" data-id=\"474cf14\" data-element_type=\"section\" data-e-type=\"section\" data-settings=\"{&quot;background_background&quot;:&quot;classic&quot;}\">\r\n\t\t\r\n\t\t\t\t\t\t\t<div class=\"elementor-container elementor-column-gap-no\">\r\n\t\t\t\t\t\t\t\t\t\t\t<div class=\"elementor-column elementor-col-100 elementor-top-column elementor-element elementor-element-a696acf\" data-id=\"a696acf\" data-element_type=\"column\" data-e-type=\"column\" data-settings=\"{&quot;background_background&quot;:&quot;classic&quot;}\">\r\n\t\t\t\t\t<div class=\"elementor-widget-wrap elementor-element-populated\">\r\n\t\t\t\t\t\t\t\t<div class=\"elementor-element elementor-element-43f23b4 elementor--v-position-bottom elementor--h-position-center elementor-widget elementor-widget-slides\" data-id=\"43f23b4\" data-element_type=\"widget\" data-e-type=\"widget\" data-settings=\"{&quot;navigation&quot;:&quot;none&quot;,&quot;transition_speed&quot;:1,&quot;transition&quot;:&quot;slide&quot;}\" data-widget_type=\"slides.default\">\n\t\t\t\t<div class=\"elementor-widget-container\">\n\t\t\t\t\t\t\t<div class=\"elementor-swiper\">\n\t\t\t<div class=\"elementor-slides-wrapper elementor-main-swiper swiper-container\" dir=\"ltr\" data-animation=\"\">\n\t\t\t\t<div class=\"swiper-wrapper elementor-slides\">\n\t\t\t\t\t\t\t\t\t\t<div class=\"elementor-repeater-item-96e86ff swiper-slide\"><div class=\"swiper-slide-bg\" role=\"img\"><\/div><a class=\"swiper-slide-inner\" href=\"https:\/\/reviscience-labs.com\/fr\/produit\/la-solution-beaute-integrale-hns-250\/\"><div class=\"swiper-slide-contents\"><div class=\"elementor-slide-heading\">La Beaut\u00e9 <br\/> Embellir et rajeunir, jour apr\u00e8s jour<\/div><div class=\"elementor-slide-description\"><br\/>Les ongles sont fragiles et subissent des agressions quotidiennes <br\/>qui peuvent les rendre mous, cassants ou d\u00e9doubl\u00e9s.<br\/>\n<img decoding=\"async\" class=\"fit-picture\"\n     src=\"https:\/\/reviscience-labs.com\/fr\/wp-content\/uploads\/2022\/04\/courbes-ongles.png\"\n     alt=\"peau\"><\/div><div  class=\"elementor-button elementor-slide-button elementor-size-md\">VOIR LA BOUTIQUE<\/div><\/div><\/a><\/div>\t\t\t\t<\/div>\n\t\t\t\t\t\t\t<\/div>\n\t\t<\/div>\n\t\t\t\t\t\t<\/div>\n\t\t\t\t<\/div>\n\t\t\t\t\t<\/div>\r\n\t\t\t\t<\/div>\r\n\t\t\t\t\t<\/div>\r\n\t\t\t\t<\/section>\r\n\t\t\t\t<section class=\"elementor-section elementor-top-section elementor-element elementor-element-15e41e9 elementor-section-boxed elementor-section-height-default elementor-section-height-default\" data-id=\"15e41e9\" data-element_type=\"section\" data-e-type=\"section\" data-settings=\"{&quot;background_background&quot;:&quot;classic&quot;}\">\r\n\t\t\r\n\t\t\t\t\t\t\t<div class=\"elementor-container elementor-column-gap-default\">\r\n\t\t\t\t\t\t\t\t\t\t\t<div class=\"elementor-column elementor-col-100 elementor-top-column elementor-element elementor-element-4662929\" data-id=\"4662929\" data-element_type=\"column\" data-e-type=\"column\">\r\n\t\t\t\t\t<div class=\"elementor-widget-wrap elementor-element-populated\">\r\n\t\t\t\t\t\t\t\t<div class=\"elementor-element elementor-element-c7c7832 elementor-widget elementor-widget-heading\" data-id=\"c7c7832\" data-element_type=\"widget\" data-e-type=\"widget\" data-widget_type=\"heading.default\">\n\t\t\t\t<div class=\"elementor-widget-container\">\n\t\t\t\t\t<h1 class=\"elementor-heading-title elementor-size-default\">La beaut\u00e9 jusqu\u2019au bout des ongles<\/h1>\t\t\t\t<\/div>\n\t\t\t\t<\/div>\n\t\t\t\t\t<\/div>\r\n\t\t\t\t<\/div>\r\n\t\t\t\t\t<\/div>\r\n\t\t\t\t<\/section>\r\n\t\t\t\t<section class=\"elementor-section elementor-top-section elementor-element elementor-element-42c1836 elementor-section-boxed elementor-section-height-default elementor-section-height-default\" data-id=\"42c1836\" data-element_type=\"section\" data-e-type=\"section\">\r\n\t\t\r\n\t\t\t\t\t\t\t<div class=\"elementor-container elementor-column-gap-default\">\r\n\t\t\t\t\t\t\t\t\t\t\t<div class=\"elementor-column elementor-col-100 elementor-top-column elementor-element elementor-element-28b7638\" data-id=\"28b7638\" data-element_type=\"column\" data-e-type=\"column\">\r\n\t\t\t\t\t<div class=\"elementor-widget-wrap elementor-element-populated\">\r\n\t\t\t\t\t\t\t\t<div class=\"elementor-element elementor-element-a9a0a83 elementor-widget elementor-widget-text-editor\" data-id=\"a9a0a83\" data-element_type=\"widget\" data-e-type=\"widget\" data-widget_type=\"text-editor.default\">\n\t\t\t\t<div class=\"elementor-widget-container\">\n\t\t\t\t\t\t\t\t\t<p>Le contact avec certains produits m\u00e9nagers (d\u00e9tergents) ou produits de manucure (vernis semi permanent sans base protectrice, dissolvant, ac\u00e9tone) sont des facteurs qui peuvent d\u00e9t\u00e9riorer leur sant\u00e9 et leur r\u00e9sistance. Enfin, des carences alimentaires courantes (en fer notamment) sont \u00e0 l\u2019origine de fragilit\u00e9s persistantes. Pour y rem\u00e9dier et fortifier les ongles face \u00e0 ces agressions, il existe une solution. Avant de les camoufler sous une couche \u00e9paisse de vernis gel ou de se couper les ongles au plus ras, il est temps de les traiter de l\u2019int\u00e9rieur en leur apportant les nutriments adapt\u00e9s.<\/p>\t\t\t\t\t\t\t\t<\/div>\n\t\t\t\t<\/div>\n\t\t\t\t<div class=\"elementor-element elementor-element-ffd3d46 elementor-widget elementor-widget-heading\" data-id=\"ffd3d46\" data-element_type=\"widget\" data-e-type=\"widget\" data-widget_type=\"heading.default\">\n\t\t\t\t<div class=\"elementor-widget-container\">\n\t\t\t\t\t<h2 class=\"elementor-heading-title elementor-size-default\">Une solution efficace contre les ongles ab\u00eem\u00e9s<\/h2>\t\t\t\t<\/div>\n\t\t\t\t<\/div>\n\t\t\t\t<div class=\"elementor-element elementor-element-a80721f elementor-widget elementor-widget-text-editor\" data-id=\"a80721f\" data-element_type=\"widget\" data-e-type=\"widget\" data-widget_type=\"text-editor.default\">\n\t\t\t\t<div class=\"elementor-widget-container\">\n\t\t\t\t\t\t\t\t\t<p>Utiliser une cr\u00e8me hydratante pour les mains en esp\u00e9rant hydrater et soigner \u00e9galement ses ongles et ses cuticules peut s\u2019av\u00e9rer insuffisant. En apportant \u00e0 l\u2019organisme les nutriments essentiels dont il a besoin gr\u00e2ce \u00e0 un compl\u00e9ment alimentaire de qualit\u00e9, les ongles rong\u00e9s, d\u00e9doubl\u00e9s ou stri\u00e9s appartiendront au pass\u00e9.<\/p>\t\t\t\t\t\t\t\t<\/div>\n\t\t\t\t<\/div>\n\t\t\t\t\t<\/div>\r\n\t\t\t\t<\/div>\r\n\t\t\t\t\t<\/div>\r\n\t\t\t\t<\/section>\r\n\t\t\t\t<section class=\"elementor-section elementor-top-section elementor-element elementor-element-e1af727 elementor-section-boxed elementor-section-height-default elementor-section-height-default\" data-id=\"e1af727\" data-element_type=\"section\" data-e-type=\"section\">\r\n\t\t\r\n\t\t\t\t\t\t\t<div class=\"elementor-container elementor-column-gap-default\">\r\n\t\t\t\t\t\t\t\t\t\t\t<div class=\"elementor-column elementor-col-50 elementor-top-column elementor-element elementor-element-260896c\" data-id=\"260896c\" data-element_type=\"column\" data-e-type=\"column\">\r\n\t\t\t\t\t<div class=\"elementor-widget-wrap elementor-element-populated\">\r\n\t\t\t\t\t\t\t\t<div class=\"elementor-element elementor-element-a00a22c elementor-widget elementor-widget-heading\" data-id=\"a00a22c\" data-element_type=\"widget\" data-e-type=\"widget\" data-widget_type=\"heading.default\">\n\t\t\t\t<div class=\"elementor-widget-container\">\n\t\t\t\t\t<h2 class=\"elementor-heading-title elementor-size-default\">Reviscience Labs HNS 250 : un nutricosm\u00e9tique ultra performant<\/h2>\t\t\t\t<\/div>\n\t\t\t\t<\/div>\n\t\t\t\t<div class=\"elementor-element elementor-element-96c58c2 elementor-widget elementor-widget-text-editor\" data-id=\"96c58c2\" data-element_type=\"widget\" data-e-type=\"widget\" data-widget_type=\"text-editor.default\">\n\t\t\t\t<div class=\"elementor-widget-container\">\n\t\t\t\t\t\t\t\t\t<p>\u2022 Doublement de la solidit\u00e9 des ongles <br \/>\u2022 Am\u00e9lioration prouv\u00e9e de l\u2019\u00e9lasticit\u00e9*<\/p><p><span style=\"color: var( --e-global-color-secondary ); letter-spacing: 0px;\">Les ongles secs, les ongles stri\u00e9s, les ongles mous ou encore les ongles cassants sont autant de d\u00e9sagr\u00e9ments dont on se passerait bien. Pour avoir de beaux ongles forts et suffisamment hydrat\u00e9s et retrouver de belles mains, Reviscience Labs a mis au point un compl\u00e9ment alimentaire \u00e0 la formulation unique : antioxydants, oligopeptides pr\u00e9curseurs de k\u00e9ratine, vitamine B (B3, B5, B6, Biotine). Il renforce les phan\u00e8res (ongles et cheveux). V\u00e9ritable fortifiant, il emp\u00eache le d\u00e9doublement des ongles et renforce le cuir chevelu et la fibre capillaire.<\/span><\/p>\t\t\t\t\t\t\t\t<\/div>\n\t\t\t\t<\/div>\n\t\t\t\t<div class=\"elementor-element elementor-element-9507785 elementor-widget__width-initial elementor-widget elementor-widget-text-editor\" data-id=\"9507785\" data-element_type=\"widget\" data-e-type=\"widget\" data-widget_type=\"text-editor.default\">\n\t\t\t\t<div class=\"elementor-widget-container\">\n\t\t\t\t\t\t\t\t\t<p><em>*Effets d\u00e9montr\u00e9es par une \u00e9tude clinique randomis\u00e9e sur 50 patients versus placebo. Les effet\u00a0 constat\u00e9s apparaissent progressivement du 30e au 90e jour de la cure et se maintiennent avec la poursuite du traitement. Les r\u00e9sultats varient d\u2019un sujet \u00e0 l\u2019autre.<\/em><\/p>\t\t\t\t\t\t\t\t<\/div>\n\t\t\t\t<\/div>\n\t\t\t\t\t<\/div>\r\n\t\t\t\t<\/div>\r\n\t\t\t\t<div class=\"elementor-column elementor-col-50 elementor-top-column elementor-element elementor-element-fb0af32\" data-id=\"fb0af32\" data-element_type=\"column\" data-e-type=\"column\" data-settings=\"{&quot;background_background&quot;:&quot;classic&quot;}\">\r\n\t\t\t\t\t<div class=\"elementor-widget-wrap elementor-element-populated\">\r\n\t\t\t\t\t\t\t\t<section class=\"elementor-section elementor-inner-section elementor-element elementor-element-d83e01d elementor-section-boxed elementor-section-height-default elementor-section-height-default\" data-id=\"d83e01d\" data-element_type=\"section\" data-e-type=\"section\" data-settings=\"{&quot;background_background&quot;:&quot;classic&quot;}\">\r\n\t\t\r\n\t\t\t\t\t\t\t<div class=\"elementor-container elementor-column-gap-default\">\r\n\t\t\t\t\t\t\t\t\t\t\t<div class=\"elementor-column elementor-col-100 elementor-inner-column elementor-element elementor-element-498c38d\" data-id=\"498c38d\" data-element_type=\"column\" data-e-type=\"column\">\r\n\t\t\t\t\t<div class=\"elementor-widget-wrap elementor-element-populated\">\r\n\t\t\t\t\t\t\t\t<div class=\"elementor-element elementor-element-b1372c4 elementor-widget elementor-widget-image\" data-id=\"b1372c4\" data-element_type=\"widget\" data-e-type=\"widget\" data-widget_type=\"image.default\">\n\t\t\t\t<div class=\"elementor-widget-container\">\n\t\t\t\t\t\t\t\t\t\t\t\t\t\t\t<img fetchpriority=\"high\" decoding=\"async\" width=\"725\" height=\"481\" src=\"https:\/\/revivre-labs.com\/fr\/wp-content\/uploads\/2022\/11\/ongle-renforcement.jpg\" class=\"attachment-large size-large wp-image-7729\" alt=\"\" srcset=\"https:\/\/revivre-labs.com\/fr\/wp-content\/uploads\/2022\/11\/ongle-renforcement.jpg 725w, https:\/\/revivre-labs.com\/fr\/wp-content\/uploads\/2022\/11\/ongle-renforcement-600x398.jpg 600w, https:\/\/revivre-labs.com\/fr\/wp-content\/uploads\/2022\/11\/ongle-renforcement-640x425.jpg 640w, https:\/\/revivre-labs.com\/fr\/wp-content\/uploads\/2022\/11\/ongle-renforcement-400x265.jpg 400w, https:\/\/revivre-labs.com\/fr\/wp-content\/uploads\/2022\/11\/ongle-renforcement-367x243.jpg 367w\" sizes=\"(max-width: 725px) 100vw, 725px\" \/>\t\t\t\t\t\t\t\t\t\t\t\t\t\t\t<\/div>\n\t\t\t\t<\/div>\n\t\t\t\t\t<\/div>\r\n\t\t\t\t<\/div>\r\n\t\t\t\t\t<\/div>\r\n\t\t\t\t<\/section>\r\n\t\t\t\t<div class=\"elementor-element elementor-element-f8c8720 elementor-align-center elementor-widget-mobile__width-initial elementor-mobile-align-center elementor-widget elementor-widget-button\" data-id=\"f8c8720\" data-element_type=\"widget\" data-e-type=\"widget\" data-widget_type=\"button.default\">\n\t\t\t\t<div class=\"elementor-widget-container\">\n\t\t\t\t\t\t\t\t\t<div class=\"elementor-button-wrapper\">\n\t\t\t\t\t<a class=\"elementor-button elementor-button-link elementor-size-sm\" href=\"https:\/\/reviscience-labs.com\/fr\/produit\/la-solution-beaute-integrale-hns-250\/\">\n\t\t\t\t\t\t<span class=\"elementor-button-content-wrapper\">\n\t\t\t\t\t\t\t\t\t<span class=\"elementor-button-text\">VOIR LA BOUTIQUE<\/span>\n\t\t\t\t\t<\/span>\n\t\t\t\t\t<\/a>\n\t\t\t\t<\/div>\n\t\t\t\t\t\t\t\t<\/div>\n\t\t\t\t<\/div>\n\t\t\t\t\t<\/div>\r\n\t\t\t\t<\/div>\r\n\t\t\t\t\t<\/div>\r\n\t\t\t\t<\/section>\r\n\t\t\t\t<section class=\"elementor-section elementor-top-section elementor-element elementor-element-11c20f7 elementor-section-boxed elementor-section-height-default elementor-section-height-default\" data-id=\"11c20f7\" data-element_type=\"section\" data-e-type=\"section\">\r\n\t\t\r\n\t\t\t\t\t\t\t<div class=\"elementor-container elementor-column-gap-narrow\">\r\n\t\t\t\t\t\t\t\t\t\t\t<div class=\"elementor-column elementor-col-50 elementor-top-column elementor-element elementor-element-8aeeee4\" data-id=\"8aeeee4\" data-element_type=\"column\" data-e-type=\"column\">\r\n\t\t\t\t\t<div class=\"elementor-widget-wrap elementor-element-populated\">\r\n\t\t\t\t\t\t\t\t<div class=\"elementor-element elementor-element-8781043 elementor-align-center elementor-widget-mobile__width-initial elementor-widget__width-inherit elementor-widget elementor-widget-button\" data-id=\"8781043\" data-element_type=\"widget\" data-e-type=\"widget\" data-widget_type=\"button.default\">\n\t\t\t\t<div class=\"elementor-widget-container\">\n\t\t\t\t\t\t\t\t\t<div class=\"elementor-button-wrapper\">\n\t\t\t\t\t<a class=\"elementor-button elementor-button-link elementor-size-md\" href=\"https:\/\/reviscience-labs.com\/fr\/complements-alimentaires-cheveux-hns-250\/\">\n\t\t\t\t\t\t<span class=\"elementor-button-content-wrapper\">\n\t\t\t\t\t\t\t\t\t<span class=\"elementor-button-text\">EN SAVOIR PLUS SUR LES CHEVEUX<\/span>\n\t\t\t\t\t<\/span>\n\t\t\t\t\t<\/a>\n\t\t\t\t<\/div>\n\t\t\t\t\t\t\t\t<\/div>\n\t\t\t\t<\/div>\n\t\t\t\t\t<\/div>\r\n\t\t\t\t<\/div>\r\n\t\t\t\t<div class=\"elementor-column elementor-col-50 elementor-top-column elementor-element elementor-element-ebe03bc\" data-id=\"ebe03bc\" data-element_type=\"column\" data-e-type=\"column\">\r\n\t\t\t\t\t<div class=\"elementor-widget-wrap elementor-element-populated\">\r\n\t\t\t\t\t\t\t\t<div class=\"elementor-element elementor-element-23b24e9 elementor-align-center elementor-widget-mobile__width-initial elementor-widget__width-inherit elementor-widget elementor-widget-button\" data-id=\"23b24e9\" data-element_type=\"widget\" data-e-type=\"widget\" data-widget_type=\"button.default\">\n\t\t\t\t<div class=\"elementor-widget-container\">\n\t\t\t\t\t\t\t\t\t<div class=\"elementor-button-wrapper\">\n\t\t\t\t\t<a class=\"elementor-button elementor-button-link elementor-size-md\" href=\"https:\/\/reviscience-labs.com\/fr\/complements-alimentaires-peau-hns-250\/\">\n\t\t\t\t\t\t<span class=\"elementor-button-content-wrapper\">\n\t\t\t\t\t\t\t\t\t<span class=\"elementor-button-text\">EN SAVOIR PLUS SUR LA PEAU<\/span>\n\t\t\t\t\t<\/span>\n\t\t\t\t\t<\/a>\n\t\t\t\t<\/div>\n\t\t\t\t\t\t\t\t<\/div>\n\t\t\t\t<\/div>\n\t\t\t\t\t<\/div>\r\n\t\t\t\t<\/div>\r\n\t\t\t\t\t<\/div>\r\n\t\t\t\t<\/section>\r\n\t\t\t\t<\/div>\n\t\t","protected":false},"excerpt":{"rendered":"<p>La Beaut\u00e9 Embellir et rajeunir, jour apr\u00e8s jourLes ongles sont fragiles et subissent des agressions quotidiennes qui peuvent les rendre mous, cassants ou d\u00e9doubl\u00e9s. VOIR LA BOUTIQUE La beaut\u00e9 jusqu\u2019au bout des ongles Le contact avec certains produits m\u00e9nagers (d\u00e9tergents) ou produits de manucure (vernis semi permanent sans base protectrice, dissolvant, ac\u00e9tone) sont des facteurs [&hellip;]<\/p>\n","protected":false},"author":1,"featured_media":0,"parent":0,"menu_order":0,"comment_status":"closed","ping_status":"closed","template":"","meta":{"footnotes":""},"class_list":["post-9244","page","type-page","status-publish","hentry"],"_links":{"self":[{"href":"https:\/\/revivre-labs.com\/fr\/wp-json\/wp\/v2\/pages\/9244","targetHints":{"allow":["GET"]}}],"collection":[{"href":"https:\/\/revivre-labs.com\/fr\/wp-json\/wp\/v2\/pages"}],"about":[{"href":"https:\/\/revivre-labs.com\/fr\/wp-json\/wp\/v2\/types\/page"}],"author":[{"embeddable":true,"href":"https:\/\/revivre-labs.com\/fr\/wp-json\/wp\/v2\/users\/1"}],"replies":[{"embeddable":true,"href":"https:\/\/revivre-labs.com\/fr\/wp-json\/wp\/v2\/comments?post=9244"}],"version-history":[{"count":3,"href":"https:\/\/revivre-labs.com\/fr\/wp-json\/wp\/v2\/pages\/9244\/revisions"}],"predecessor-version":[{"id":11625,"href":"https:\/\/revivre-labs.com\/fr\/wp-json\/wp\/v2\/pages\/9244\/revisions\/11625"}],"wp:attachment":[{"href":"https:\/\/revivre-labs.com\/fr\/wp-json\/wp\/v2\/media?parent=9244"}],"curies":[{"name":"wp","href":"https:\/\/api.w.org\/{rel}","templated":true}]}}