{"id":9242,"date":"2023-04-16T01:34:19","date_gmt":"2023-04-15T23:34:19","guid":{"rendered":"https:\/\/revivre-labs.com\/fr\/?page_id=9242"},"modified":"2025-02-24T19:21:06","modified_gmt":"2025-02-24T18:21:06","slug":"complements-alimentaires-peau-hns-250","status":"publish","type":"page","link":"https:\/\/revivre-labs.com\/fr\/complements-alimentaires-peau-hns-250\/","title":{"rendered":"Compl\u00e9ments alimentaires peau HNS 250"},"content":{"rendered":"\t\t<div data-elementor-type=\"wp-page\" data-elementor-id=\"9242\" class=\"elementor elementor-9242\" data-elementor-post-type=\"page\">\n\t\t\t\t\t\t<section class=\"porto-full-no-gap elementor-section elementor-top-section elementor-element elementor-element-3bc0458 elementor-section-full_width elementor-section-height-default elementor-section-height-default\" data-id=\"3bc0458\" data-element_type=\"section\" data-e-type=\"section\" data-settings=\"{&quot;background_background&quot;:&quot;classic&quot;}\">\r\n\t\t\r\n\t\t\t\t\t\t\t<div class=\"elementor-container elementor-column-gap-no\">\r\n\t\t\t\t\t\t\t\t\t\t\t<div class=\"elementor-column elementor-col-100 elementor-top-column elementor-element elementor-element-37da035\" data-id=\"37da035\" data-element_type=\"column\" data-e-type=\"column\" data-settings=\"{&quot;background_background&quot;:&quot;classic&quot;}\">\r\n\t\t\t\t\t<div class=\"elementor-widget-wrap elementor-element-populated\">\r\n\t\t\t\t\t\t\t\t<div class=\"elementor-element elementor-element-48fb588 elementor--h-position-center elementor--v-position-middle elementor-widget elementor-widget-slides\" data-id=\"48fb588\" data-element_type=\"widget\" data-e-type=\"widget\" data-settings=\"{&quot;navigation&quot;:&quot;none&quot;,&quot;transition_speed&quot;:1,&quot;transition&quot;:&quot;slide&quot;}\" data-widget_type=\"slides.default\">\n\t\t\t\t<div class=\"elementor-widget-container\">\n\t\t\t\t\t\t\t<div class=\"elementor-swiper\">\n\t\t\t<div class=\"elementor-slides-wrapper elementor-main-swiper swiper-container\" dir=\"ltr\" data-animation=\"\">\n\t\t\t\t<div class=\"swiper-wrapper elementor-slides\">\n\t\t\t\t\t\t\t\t\t\t<div class=\"elementor-repeater-item-96b6821 swiper-slide\"><div class=\"swiper-slide-bg\" role=\"img\"><\/div><div class=\"elementor-background-overlay\"><\/div><a class=\"swiper-slide-inner\" href=\"https:\/\/reviscience-labs.com\/fr\/produit\/la-solution-beaute-integrale-hns-250\/\"><div class=\"swiper-slide-contents\"><div class=\"elementor-slide-heading\">La Beaut\u00e9 <br\/> Embellir et rajeunir, jour apr\u00e8s jour<\/div><div class=\"elementor-slide-description\"><br\/>Une bonne mine est souvent le signe d\u2019un bien-\u00eatre int\u00e9rieur.<br\/>\nPourtant, prendre soin de sa peau n\u2019est pas toujours facile. <br\/>\n<img decoding=\"async\" class=\"fit-picture\"\n     src=\"https:\/\/reviscience-labs.com\/fr\/wp-content\/uploads\/2022\/04\/courbe-ride2.png\"\n     alt=\"peau\">\n<\/div><div  class=\"elementor-button elementor-slide-button elementor-size-sm\">VOIR LA BOUTIQUE<\/div><\/div><\/a><\/div>\t\t\t\t<\/div>\n\t\t\t\t\t\t\t<\/div>\n\t\t<\/div>\n\t\t\t\t\t\t<\/div>\n\t\t\t\t<\/div>\n\t\t\t\t\t<\/div>\r\n\t\t\t\t<\/div>\r\n\t\t\t\t\t<\/div>\r\n\t\t\t\t<\/section>\r\n\t\t\t\t<section class=\"elementor-section elementor-top-section elementor-element elementor-element-58ff4de elementor-section-boxed elementor-section-height-default elementor-section-height-default\" data-id=\"58ff4de\" data-element_type=\"section\" data-e-type=\"section\" data-settings=\"{&quot;background_background&quot;:&quot;classic&quot;}\">\r\n\t\t\r\n\t\t\t\t\t\t\t<div class=\"elementor-container elementor-column-gap-default\">\r\n\t\t\t\t\t\t\t\t\t\t\t<div class=\"elementor-column elementor-col-100 elementor-top-column elementor-element elementor-element-fcf3408\" data-id=\"fcf3408\" data-element_type=\"column\" data-e-type=\"column\" data-settings=\"{&quot;background_background&quot;:&quot;classic&quot;}\">\r\n\t\t\t\t\t<div class=\"elementor-widget-wrap elementor-element-populated\">\r\n\t\t\t\t\t\t\t\t<div class=\"elementor-element elementor-element-36aab32 elementor-widget elementor-widget-heading\" data-id=\"36aab32\" data-element_type=\"widget\" data-e-type=\"widget\" data-widget_type=\"heading.default\">\n\t\t\t\t<div class=\"elementor-widget-container\">\n\t\t\t\t\t<h1 class=\"elementor-heading-title elementor-size-default\">Un soin complet pour embellir sa peau de l\u2019int\u00e9rieur<\/h1>\t\t\t\t<\/div>\n\t\t\t\t<\/div>\n\t\t\t\t\t<\/div>\r\n\t\t\t\t<\/div>\r\n\t\t\t\t\t<\/div>\r\n\t\t\t\t<\/section>\r\n\t\t\t\t<section class=\"elementor-section elementor-top-section elementor-element elementor-element-14409ff elementor-section-boxed elementor-section-height-default elementor-section-height-default\" data-id=\"14409ff\" data-element_type=\"section\" data-e-type=\"section\">\r\n\t\t\r\n\t\t\t\t\t\t\t<div class=\"elementor-container elementor-column-gap-default\">\r\n\t\t\t\t\t\t\t\t\t\t\t<div class=\"elementor-column elementor-col-100 elementor-top-column elementor-element elementor-element-a4dea15\" data-id=\"a4dea15\" data-element_type=\"column\" data-e-type=\"column\">\r\n\t\t\t\t\t<div class=\"elementor-widget-wrap elementor-element-populated\">\r\n\t\t\t\t\t\t\t\t<div class=\"elementor-element elementor-element-bee3ec1 elementor-widget elementor-widget-text-editor\" data-id=\"bee3ec1\" data-element_type=\"widget\" data-e-type=\"widget\" data-widget_type=\"text-editor.default\">\n\t\t\t\t<div class=\"elementor-widget-container\">\n\t\t\t\t\t\t\t\t\t<p>Inconfort, tiraillements ou picotements dus au manque d\u2019hydratation ou bien, au contraire, imperfections dues \u00e0 un exc\u00e8s de s\u00e9bum, ainsi que le vieillissement cutan\u00e9, peuvent engloutir votre temps et votre budget.<\/p><p>Pour hydrater, adoucir, assainir et lutter efficacement contre le vieillissement de la peau, Reviscience Labs a mis au point un nutricosm\u00e9tique ultra performant qui r\u00e9pond \u00e0 l\u2019ensemble ce ces probl\u00e9matiques : le soin de beaut\u00e9 int\u00e9gral HNS 250.<\/p>\t\t\t\t\t\t\t\t<\/div>\n\t\t\t\t<\/div>\n\t\t\t\t\t<\/div>\r\n\t\t\t\t<\/div>\r\n\t\t\t\t\t<\/div>\r\n\t\t\t\t<\/section>\r\n\t\t\t\t<section class=\"elementor-section elementor-top-section elementor-element elementor-element-0a372ac elementor-section-boxed elementor-section-height-default elementor-section-height-default\" data-id=\"0a372ac\" data-element_type=\"section\" data-e-type=\"section\">\r\n\t\t\r\n\t\t\t\t\t\t\t<div class=\"elementor-container elementor-column-gap-default\">\r\n\t\t\t\t\t\t\t\t\t\t\t<div class=\"elementor-column elementor-col-50 elementor-top-column elementor-element elementor-element-2d0caca\" data-id=\"2d0caca\" data-element_type=\"column\" data-e-type=\"column\">\r\n\t\t\t\t\t<div class=\"elementor-widget-wrap elementor-element-populated\">\r\n\t\t\t\t\t\t\t\t<div class=\"elementor-element elementor-element-3f3b683 elementor-widget elementor-widget-heading\" data-id=\"3f3b683\" data-element_type=\"widget\" data-e-type=\"widget\" data-widget_type=\"heading.default\">\n\t\t\t\t<div class=\"elementor-widget-container\">\n\t\t\t\t\t<h2 class=\"elementor-heading-title elementor-size-default\">Un complexe de derni\u00e8re g\u00e9n\u00e9ration valid\u00e9 par des \u00e9tudes cliniques<\/h2>\t\t\t\t<\/div>\n\t\t\t\t<\/div>\n\t\t\t\t<div class=\"elementor-element elementor-element-a943ad7 elementor-widget elementor-widget-text-editor\" data-id=\"a943ad7\" data-element_type=\"widget\" data-e-type=\"widget\" data-widget_type=\"text-editor.default\">\n\t\t\t\t<div class=\"elementor-widget-container\">\n\t\t\t\t\t\t\t\t\t<p>\u2022 Une peau 80% plus douce, plus ferme et plus \u00e9lastique<br \/>\u2022 18% de r\u00e9duction des rides et am\u00e9lioration visible de l\u2019\u00e9clat\u00a0<br \/>\u2022 30% d\u2019am\u00e9lioration de l\u2019hydratation<br \/>\u2022 R\u00e9duction prouv\u00e9e de l\u2019acn\u00e9 et des inflammations.*<\/p><p>HNS 250 a \u00e9t\u00e9 d\u00e9velopp\u00e9 \u00e0 partir des meilleurs ingr\u00e9dients naturels et test\u00e9 cliniquement pour d\u00e9montrer son efficacit\u00e9. C\u2019est aujourd\u2019hui le nutricosm\u00e9tique le plus avanc\u00e9 pour sublimer la beaut\u00e9 des parties externes du corps.<\/p>\t\t\t\t\t\t\t\t<\/div>\n\t\t\t\t<\/div>\n\t\t\t\t<section class=\"elementor-section elementor-inner-section elementor-element elementor-element-efb272f elementor-section-boxed elementor-section-height-default elementor-section-height-default\" data-id=\"efb272f\" data-element_type=\"section\" data-e-type=\"section\">\r\n\t\t\r\n\t\t\t\t\t\t\t<div class=\"elementor-container elementor-column-gap-default\">\r\n\t\t\t\t\t\t\t\t\t\t\t<div class=\"elementor-column elementor-col-100 elementor-inner-column elementor-element elementor-element-e86d5f5\" data-id=\"e86d5f5\" data-element_type=\"column\" data-e-type=\"column\">\r\n\t\t\t\t\t<div class=\"elementor-widget-wrap elementor-element-populated\">\r\n\t\t\t\t\t\t\t\t<div class=\"elementor-element elementor-element-3798846 elementor-widget__width-initial elementor-widget elementor-widget-text-editor\" data-id=\"3798846\" data-element_type=\"widget\" data-e-type=\"widget\" data-widget_type=\"text-editor.default\">\n\t\t\t\t<div class=\"elementor-widget-container\">\n\t\t\t\t\t\t\t\t\t<p><i>*Effets d\u00e9montr\u00e9es par une \u00e9tude clinique randomis\u00e9e sur 50 patients versus placebo. Les effet\u00a0 constat\u00e9s apparaissent progressivement du 30e au 90e jour de la cure et se maintiennent avec la poursuite du traitement. Les r\u00e9sultats varient d\u2019un sujet \u00e0 l\u2019autre.<\/i><\/p>\t\t\t\t\t\t\t\t<\/div>\n\t\t\t\t<\/div>\n\t\t\t\t\t<\/div>\r\n\t\t\t\t<\/div>\r\n\t\t\t\t\t<\/div>\r\n\t\t\t\t<\/section>\r\n\t\t\t\t\t<\/div>\r\n\t\t\t\t<\/div>\r\n\t\t\t\t<div class=\"elementor-column elementor-col-50 elementor-top-column elementor-element elementor-element-6d8e1f6\" data-id=\"6d8e1f6\" data-element_type=\"column\" data-e-type=\"column\" data-settings=\"{&quot;background_background&quot;:&quot;classic&quot;}\">\r\n\t\t\t\t\t<div class=\"elementor-widget-wrap elementor-element-populated\">\r\n\t\t\t\t\t\t\t\t<section class=\"elementor-section elementor-inner-section elementor-element elementor-element-f481315 elementor-section-boxed elementor-section-height-default elementor-section-height-default\" data-id=\"f481315\" data-element_type=\"section\" data-e-type=\"section\" data-settings=\"{&quot;background_background&quot;:&quot;classic&quot;}\">\r\n\t\t\r\n\t\t\t\t\t\t\t<div class=\"elementor-container elementor-column-gap-default\">\r\n\t\t\t\t\t\t\t\t\t\t\t<div class=\"elementor-column elementor-col-100 elementor-inner-column elementor-element elementor-element-d7dac89\" data-id=\"d7dac89\" data-element_type=\"column\" data-e-type=\"column\">\r\n\t\t\t\t\t<div class=\"elementor-widget-wrap elementor-element-populated\">\r\n\t\t\t\t\t\t\t\t<div class=\"elementor-element elementor-element-3ddc4a3 elementor-widget elementor-widget-image\" data-id=\"3ddc4a3\" data-element_type=\"widget\" data-e-type=\"widget\" data-widget_type=\"image.default\">\n\t\t\t\t<div class=\"elementor-widget-container\">\n\t\t\t\t\t\t\t\t\t\t\t\t\t\t\t<img fetchpriority=\"high\" decoding=\"async\" width=\"725\" height=\"481\" src=\"https:\/\/revivre-labs.com\/fr\/wp-content\/uploads\/2022\/11\/peau-douceur.jpg\" class=\"attachment-large size-large wp-image-7730\" alt=\"\" srcset=\"https:\/\/revivre-labs.com\/fr\/wp-content\/uploads\/2022\/11\/peau-douceur.jpg 725w, https:\/\/revivre-labs.com\/fr\/wp-content\/uploads\/2022\/11\/peau-douceur-600x398.jpg 600w, https:\/\/revivre-labs.com\/fr\/wp-content\/uploads\/2022\/11\/peau-douceur-640x425.jpg 640w, https:\/\/revivre-labs.com\/fr\/wp-content\/uploads\/2022\/11\/peau-douceur-400x265.jpg 400w, https:\/\/revivre-labs.com\/fr\/wp-content\/uploads\/2022\/11\/peau-douceur-367x243.jpg 367w\" sizes=\"(max-width: 725px) 100vw, 725px\" \/>\t\t\t\t\t\t\t\t\t\t\t\t\t\t\t<\/div>\n\t\t\t\t<\/div>\n\t\t\t\t<div class=\"elementor-element elementor-element-372d1db elementor-widget elementor-widget-image\" data-id=\"372d1db\" data-element_type=\"widget\" data-e-type=\"widget\" data-widget_type=\"image.default\">\n\t\t\t\t<div class=\"elementor-widget-container\">\n\t\t\t\t\t\t\t\t\t\t\t\t\t\t\t<img decoding=\"async\" width=\"725\" height=\"481\" src=\"https:\/\/revivre-labs.com\/fr\/wp-content\/uploads\/2022\/11\/peau-elasticite.jpg\" class=\"attachment-large size-large wp-image-7731\" alt=\"\" srcset=\"https:\/\/revivre-labs.com\/fr\/wp-content\/uploads\/2022\/11\/peau-elasticite.jpg 725w, https:\/\/revivre-labs.com\/fr\/wp-content\/uploads\/2022\/11\/peau-elasticite-600x398.jpg 600w, https:\/\/revivre-labs.com\/fr\/wp-content\/uploads\/2022\/11\/peau-elasticite-640x425.jpg 640w, https:\/\/revivre-labs.com\/fr\/wp-content\/uploads\/2022\/11\/peau-elasticite-400x265.jpg 400w, https:\/\/revivre-labs.com\/fr\/wp-content\/uploads\/2022\/11\/peau-elasticite-367x243.jpg 367w\" sizes=\"(max-width: 725px) 100vw, 725px\" \/>\t\t\t\t\t\t\t\t\t\t\t\t\t\t\t<\/div>\n\t\t\t\t<\/div>\n\t\t\t\t\t<\/div>\r\n\t\t\t\t<\/div>\r\n\t\t\t\t\t<\/div>\r\n\t\t\t\t<\/section>\r\n\t\t\t\t\t<\/div>\r\n\t\t\t\t<\/div>\r\n\t\t\t\t\t<\/div>\r\n\t\t\t\t<\/section>\r\n\t\t\t\t<section class=\"elementor-section elementor-top-section elementor-element elementor-element-69cf18e elementor-section-boxed elementor-section-height-default elementor-section-height-default\" data-id=\"69cf18e\" data-element_type=\"section\" data-e-type=\"section\">\r\n\t\t\r\n\t\t\t\t\t\t\t<div class=\"elementor-container elementor-column-gap-default\">\r\n\t\t\t\t\t\t\t\t\t\t\t<div class=\"elementor-column elementor-col-50 elementor-top-column elementor-element elementor-element-8acd798\" data-id=\"8acd798\" data-element_type=\"column\" data-e-type=\"column\">\r\n\t\t\t\t\t<div class=\"elementor-widget-wrap elementor-element-populated\">\r\n\t\t\t\t\t\t\t\t<div class=\"elementor-element elementor-element-66187bf elementor-widget elementor-widget-image\" data-id=\"66187bf\" data-element_type=\"widget\" data-e-type=\"widget\" data-widget_type=\"image.default\">\n\t\t\t\t<div class=\"elementor-widget-container\">\n\t\t\t\t\t\t\t\t\t\t\t\t\t\t\t<img decoding=\"async\" width=\"1400\" height=\"2100\" src=\"https:\/\/revivre-labs.com\/fr\/wp-content\/uploads\/2022\/07\/La-Beaute-Face-Side.jpg\" class=\"attachment-full size-full wp-image-8463\" alt=\"\" srcset=\"https:\/\/revivre-labs.com\/fr\/wp-content\/uploads\/2022\/07\/La-Beaute-Face-Side.jpg 1400w, https:\/\/revivre-labs.com\/fr\/wp-content\/uploads\/2022\/07\/La-Beaute-Face-Side-600x900.jpg 600w, https:\/\/revivre-labs.com\/fr\/wp-content\/uploads\/2022\/07\/La-Beaute-Face-Side-683x1024.jpg 683w, https:\/\/revivre-labs.com\/fr\/wp-content\/uploads\/2022\/07\/La-Beaute-Face-Side-768x1152.jpg 768w, https:\/\/revivre-labs.com\/fr\/wp-content\/uploads\/2022\/07\/La-Beaute-Face-Side-1024x1536.jpg 1024w, https:\/\/revivre-labs.com\/fr\/wp-content\/uploads\/2022\/07\/La-Beaute-Face-Side-1365x2048.jpg 1365w, https:\/\/revivre-labs.com\/fr\/wp-content\/uploads\/2022\/07\/La-Beaute-Face-Side-640x960.jpg 640w, https:\/\/revivre-labs.com\/fr\/wp-content\/uploads\/2022\/07\/La-Beaute-Face-Side-400x600.jpg 400w, https:\/\/revivre-labs.com\/fr\/wp-content\/uploads\/2022\/07\/La-Beaute-Face-Side-367x551.jpg 367w\" sizes=\"(max-width: 1400px) 100vw, 1400px\" \/>\t\t\t\t\t\t\t\t\t\t\t\t\t\t\t<\/div>\n\t\t\t\t<\/div>\n\t\t\t\t\t<\/div>\r\n\t\t\t\t<\/div>\r\n\t\t\t\t<div class=\"elementor-column elementor-col-50 elementor-top-column elementor-element elementor-element-184aedd\" data-id=\"184aedd\" data-element_type=\"column\" data-e-type=\"column\">\r\n\t\t\t\t\t<div class=\"elementor-widget-wrap elementor-element-populated\">\r\n\t\t\t\t\t\t\t\t<div class=\"elementor-element elementor-element-2953f2c elementor-widget elementor-widget-heading\" data-id=\"2953f2c\" data-element_type=\"widget\" data-e-type=\"widget\" data-widget_type=\"heading.default\">\n\t\t\t\t<div class=\"elementor-widget-container\">\n\t\t\t\t\t<p class=\"elementor-heading-title elementor-size-default\">Notre d\u00e9fi : avoir une belle peau, simplement et naturellement<\/p>\t\t\t\t<\/div>\n\t\t\t\t<\/div>\n\t\t\t\t<div class=\"elementor-element elementor-element-fb1889f elementor-widget__width-inherit elementor-widget-mobile__width-inherit elementor-widget-tablet__width-inherit elementor-widget elementor-widget-text-editor\" data-id=\"fb1889f\" data-element_type=\"widget\" data-e-type=\"widget\" data-widget_type=\"text-editor.default\">\n\t\t\t\t<div class=\"elementor-widget-container\">\n\t\t\t\t\t\t\t\t\t<p>Reviscience Labs HNS 250 agit comme un soin antirides et anti-imperfections qui nourrit la peau et la prot\u00e9ge de la d\u00e9shydratation, en renfor\u00e7ant le film hydrolipidique de l\u2019\u00e9piderme. Efficace pour les types de peaux : matures, s\u00e8ches, irrit\u00e9es, mixtes ou \u00e0 tendance acn\u00e9ique, il est raffermissant et assainissant.<\/p>\n<p><span style=\"color: var( --e-global-color-secondary ); letter-spacing: 0px;\">Son action antioxydante ralentit rapidement le vieillissement cutan\u00e9, les ridules disparaissent jour apr\u00e8s jour, la peau est liss\u00e9e, repulp\u00e9e et dens\u00e9ment hydrat\u00e9e. Avec 95% d\u2019ingr\u00e9dients d\u2019origine naturelle ou bio, HNS 250 simplifie la routine beaut\u00e9 avec simplement 2 g\u00e9lules \u00e0 prendre chaque jour.<\/span><\/p>\n<p data-start=\"508\" data-end=\"586\">Son m\u00e9canisme d\u2019action se traduit par plusieurs effets b\u00e9n\u00e9fiques sur la peau\u202f:<\/p><ul data-start=\"588\" data-end=\"1184\"><li data-start=\"588\" data-end=\"815\"><strong data-start=\"590\" data-end=\"632\">Renforcement de la structure cutan\u00e9e :<\/strong> En fournissant les \u00e9l\u00e9ments constitutifs de la k\u00e9ratine et en stimulant la synth\u00e8se de collag\u00e8ne, HNS 250 aide \u00e0 restaurer et \u00e0 maintenir la compacit\u00e9 et l\u2019\u00e9lasticit\u00e9 de la peau.<\/li><li data-start=\"816\" data-end=\"975\"><strong data-start=\"818\" data-end=\"853\">Am\u00e9lioration de l\u2019hydratation :<\/strong> Une peau mieux structur\u00e9e retient mieux l\u2019eau, ce qui contribue \u00e0 une hydratation optimale et \u00e0 une diminution des rides.<\/li><li data-start=\"976\" data-end=\"1184\"><strong data-start=\"978\" data-end=\"1001\">Effet antioxydant :<\/strong> HNS 250 peut \u00e9galement favoriser la production de glutathion, renfor\u00e7ant ainsi la capacit\u00e9 de la peau \u00e0 se prot\u00e9ger contre le stress oxydatif et les agressions environnementales.<\/li><\/ul><p><span style=\"color: var( --e-global-color-secondary ); letter-spacing: var(--porto-body-ls,0);\">Le derme est hydrat\u00e9 et les ridules disparaissent. C\u2019est un soin de beaut\u00e9 oral complet pour assainir, rajeunir et renforcer les parties externes du corps. Dans le cadre d\u2019une alimentation \u00e9quilibr\u00e9e, avec seulement deux g\u00e9lules \u00e0 prendre chaque jour, HNS 250 offre \u00e0 tous une solution beaut\u00e9 simplifi\u00e9e.<\/span><\/p>\t\t\t\t\t\t\t\t<\/div>\n\t\t\t\t<\/div>\n\t\t\t\t<div class=\"elementor-element elementor-element-48d70c0 elementor-align-left elementor-widget-mobile__width-initial elementor-mobile-align-center elementor-widget elementor-widget-button\" data-id=\"48d70c0\" data-element_type=\"widget\" data-e-type=\"widget\" data-widget_type=\"button.default\">\n\t\t\t\t<div class=\"elementor-widget-container\">\n\t\t\t\t\t\t\t\t\t<div class=\"elementor-button-wrapper\">\n\t\t\t\t\t<a class=\"elementor-button elementor-button-link elementor-size-sm\" href=\"https:\/\/reviscience-labs.com\/fr\/produit\/la-solution-beaute-integrale-hns-250\/\">\n\t\t\t\t\t\t<span class=\"elementor-button-content-wrapper\">\n\t\t\t\t\t\t\t\t\t<span class=\"elementor-button-text\">COMMANDER<\/span>\n\t\t\t\t\t<\/span>\n\t\t\t\t\t<\/a>\n\t\t\t\t<\/div>\n\t\t\t\t\t\t\t\t<\/div>\n\t\t\t\t<\/div>\n\t\t\t\t\t<\/div>\r\n\t\t\t\t<\/div>\r\n\t\t\t\t\t<\/div>\r\n\t\t\t\t<\/section>\r\n\t\t\t\t<section class=\"elementor-section elementor-top-section elementor-element elementor-element-3888d35 elementor-section-boxed elementor-section-height-default elementor-section-height-default\" data-id=\"3888d35\" data-element_type=\"section\" data-e-type=\"section\">\r\n\t\t\r\n\t\t\t\t\t\t\t<div class=\"elementor-container elementor-column-gap-default\">\r\n\t\t\t\t\t\t\t\t\t\t\t<div class=\"elementor-column elementor-col-100 elementor-top-column elementor-element elementor-element-e16924f\" data-id=\"e16924f\" data-element_type=\"column\" data-e-type=\"column\">\r\n\t\t\t\t\t<div class=\"elementor-widget-wrap elementor-element-populated\">\r\n\t\t\t\t\t\t\t\t<div class=\"elementor-element elementor-element-7b089c8 elementor-widget elementor-widget-text-editor\" data-id=\"7b089c8\" data-element_type=\"widget\" data-e-type=\"widget\" data-widget_type=\"text-editor.default\">\n\t\t\t\t<div class=\"elementor-widget-container\">\n\t\t\t\t\t\t\t\t\t<p>Reviscience Labs HNS 250 agit comme un soin antirides et anti-imperfections qui nourrit la peau et la prot\u00e9ge de la d\u00e9shydratation, en renfor\u00e7ant le film hydrolipidique de l\u2019\u00e9piderme. Efficace pour les types de peaux : matures, s\u00e8ches, irrit\u00e9es, mixtes ou \u00e0 tendance acn\u00e9ique, il est raffermissant et assainissant.\u00a0<\/p><p>Son action antioxydante ralentit rapidement le vieillissement cutan\u00e9, les ridules disparaissent jour apr\u00e8s jour, la peau est liss\u00e9e, repulp\u00e9e et dens\u00e9ment hydrat\u00e9e. Avec 95% d\u2019ingr\u00e9dients d\u2019origine naturelle ou bio, Reviscience Labs HNS 250 simplifie la routine beaut\u00e9 avec simplement 2 g\u00e9lules \u00e0 prendre chaque jour.<\/p>\t\t\t\t\t\t\t\t<\/div>\n\t\t\t\t<\/div>\n\t\t\t\t\t<\/div>\r\n\t\t\t\t<\/div>\r\n\t\t\t\t\t<\/div>\r\n\t\t\t\t<\/section>\r\n\t\t\t\t<section class=\"elementor-section elementor-top-section elementor-element elementor-element-3e631f3 elementor-section-boxed elementor-section-height-default elementor-section-height-default\" data-id=\"3e631f3\" data-element_type=\"section\" data-e-type=\"section\">\r\n\t\t\r\n\t\t\t\t\t\t\t<div class=\"elementor-container elementor-column-gap-narrow\">\r\n\t\t\t\t\t\t\t\t\t\t\t<div class=\"elementor-column elementor-col-50 elementor-top-column elementor-element elementor-element-f1783b3\" data-id=\"f1783b3\" data-element_type=\"column\" data-e-type=\"column\">\r\n\t\t\t\t\t<div class=\"elementor-widget-wrap elementor-element-populated\">\r\n\t\t\t\t\t\t\t\t<div class=\"elementor-element elementor-element-168b83b elementor-align-center elementor-widget-mobile__width-initial elementor-widget__width-inherit elementor-widget elementor-widget-button\" data-id=\"168b83b\" data-element_type=\"widget\" data-e-type=\"widget\" data-widget_type=\"button.default\">\n\t\t\t\t<div class=\"elementor-widget-container\">\n\t\t\t\t\t\t\t\t\t<div class=\"elementor-button-wrapper\">\n\t\t\t\t\t<a class=\"elementor-button elementor-button-link elementor-size-md\" href=\"https:\/\/reviscience-labs.com\/fr\/complements-alimentaires-cheveux-hns-250\/\">\n\t\t\t\t\t\t<span class=\"elementor-button-content-wrapper\">\n\t\t\t\t\t\t\t\t\t<span class=\"elementor-button-text\">EN SAVOIR PLUS SUR LES CHEVEUX<\/span>\n\t\t\t\t\t<\/span>\n\t\t\t\t\t<\/a>\n\t\t\t\t<\/div>\n\t\t\t\t\t\t\t\t<\/div>\n\t\t\t\t<\/div>\n\t\t\t\t\t<\/div>\r\n\t\t\t\t<\/div>\r\n\t\t\t\t<div class=\"elementor-column elementor-col-50 elementor-top-column elementor-element elementor-element-50ff948\" data-id=\"50ff948\" data-element_type=\"column\" data-e-type=\"column\">\r\n\t\t\t\t\t<div class=\"elementor-widget-wrap elementor-element-populated\">\r\n\t\t\t\t\t\t\t\t<div class=\"elementor-element elementor-element-e6dcf59 elementor-align-center elementor-widget-mobile__width-initial elementor-widget__width-initial elementor-widget elementor-widget-button\" data-id=\"e6dcf59\" data-element_type=\"widget\" data-e-type=\"widget\" data-widget_type=\"button.default\">\n\t\t\t\t<div class=\"elementor-widget-container\">\n\t\t\t\t\t\t\t\t\t<div class=\"elementor-button-wrapper\">\n\t\t\t\t\t<a class=\"elementor-button elementor-button-link elementor-size-md\" href=\"https:\/\/reviscience-labs.com\/fr\/complements-alimentaires-ongles-hns-250\/\">\n\t\t\t\t\t\t<span class=\"elementor-button-content-wrapper\">\n\t\t\t\t\t\t\t\t\t<span class=\"elementor-button-text\">EN SAVOIR PLUS SUR LES ONGLES<\/span>\n\t\t\t\t\t<\/span>\n\t\t\t\t\t<\/a>\n\t\t\t\t<\/div>\n\t\t\t\t\t\t\t\t<\/div>\n\t\t\t\t<\/div>\n\t\t\t\t\t<\/div>\r\n\t\t\t\t<\/div>\r\n\t\t\t\t\t<\/div>\r\n\t\t\t\t<\/section>\r\n\t\t\t\t<\/div>\n\t\t","protected":false},"excerpt":{"rendered":"<p>La Beaut\u00e9 Embellir et rajeunir, jour apr\u00e8s jourUne bonne mine est souvent le signe d\u2019un bien-\u00eatre int\u00e9rieur. Pourtant, prendre soin de sa peau n\u2019est pas toujours facile. VOIR LA BOUTIQUE Un soin complet pour embellir sa peau de l\u2019int\u00e9rieur Inconfort, tiraillements ou picotements dus au manque d\u2019hydratation ou bien, au contraire, imperfections dues \u00e0 un [&hellip;]<\/p>\n","protected":false},"author":1,"featured_media":0,"parent":0,"menu_order":0,"comment_status":"closed","ping_status":"closed","template":"","meta":{"footnotes":""},"class_list":["post-9242","page","type-page","status-publish","hentry"],"_links":{"self":[{"href":"https:\/\/revivre-labs.com\/fr\/wp-json\/wp\/v2\/pages\/9242","targetHints":{"allow":["GET"]}}],"collection":[{"href":"https:\/\/revivre-labs.com\/fr\/wp-json\/wp\/v2\/pages"}],"about":[{"href":"https:\/\/revivre-labs.com\/fr\/wp-json\/wp\/v2\/types\/page"}],"author":[{"embeddable":true,"href":"https:\/\/revivre-labs.com\/fr\/wp-json\/wp\/v2\/users\/1"}],"replies":[{"embeddable":true,"href":"https:\/\/revivre-labs.com\/fr\/wp-json\/wp\/v2\/comments?post=9242"}],"version-history":[{"count":3,"href":"https:\/\/revivre-labs.com\/fr\/wp-json\/wp\/v2\/pages\/9242\/revisions"}],"predecessor-version":[{"id":11367,"href":"https:\/\/revivre-labs.com\/fr\/wp-json\/wp\/v2\/pages\/9242\/revisions\/11367"}],"wp:attachment":[{"href":"https:\/\/revivre-labs.com\/fr\/wp-json\/wp\/v2\/media?parent=9242"}],"curies":[{"name":"wp","href":"https:\/\/api.w.org\/{rel}","templated":true}]}}