{"id":844,"date":"2022-04-12T12:02:29","date_gmt":"2022-04-12T12:02:29","guid":{"rendered":"https:\/\/revivre-labs.com\/beta\/?page_id=844"},"modified":"2022-09-25T11:52:53","modified_gmt":"2022-09-25T09:52:53","slug":"engagement","status":"publish","type":"page","link":"https:\/\/revivre-labs.com\/fr\/engagement\/","title":{"rendered":"Engagement"},"content":{"rendered":"\t\t<div data-elementor-type=\"wp-page\" data-elementor-id=\"844\" class=\"elementor elementor-844\" data-elementor-post-type=\"page\">\n\t\t\t\t\t\t<section class=\"elementor-section elementor-top-section elementor-element elementor-element-49bb61d elementor-section-height-min-height elementor-section-boxed elementor-section-height-default elementor-section-items-middle\" data-id=\"49bb61d\" data-element_type=\"section\" data-e-type=\"section\" data-settings=\"{&quot;background_background&quot;:&quot;classic&quot;}\">\r\n\t\t\t\t\t\t<div class=\"elementor-background-overlay\"><\/div>\r\n\t\t\t\r\n\t\t\t\t\t\t\t<div class=\"elementor-container elementor-column-gap-default\">\r\n\t\t\t\t\t\t\t\t\t\t\t<div class=\"elementor-column elementor-col-50 elementor-top-column elementor-element elementor-element-d5f3f8d\" data-id=\"d5f3f8d\" data-element_type=\"column\" data-e-type=\"column\">\r\n\t\t\t\t\t<div class=\"elementor-widget-wrap elementor-element-populated\">\r\n\t\t\t\t\t\t\t\t<div class=\"elementor-element elementor-element-2bbac6c elementor-widget elementor-widget-heading\" data-id=\"2bbac6c\" data-element_type=\"widget\" data-e-type=\"widget\" data-widget_type=\"heading.default\">\n\t\t\t\t<div class=\"elementor-widget-container\">\n\t\t\t\t\t<p class=\"elementor-heading-title elementor-size-default\">Notre partenariat avec le Better World Fund<\/p>\t\t\t\t<\/div>\n\t\t\t\t<\/div>\n\t\t\t\t<div class=\"elementor-element elementor-element-36eb8b7 elementor-hidden-mobile elementor-hidden-tablet elementor-widget elementor-widget-text-editor\" data-id=\"36eb8b7\" data-element_type=\"widget\" data-e-type=\"widget\" data-widget_type=\"text-editor.default\">\n\t\t\t\t<div class=\"elementor-widget-container\">\n\t\t\t\t\t\t\t\t\t<p>Nous nous sommes fix\u00e9s des objectifs audacieux et mesurables en mati\u00e8re de climat, d\u2019eau, de biodiversit\u00e9 et de ressources naturelles, conform\u00e9ment \u00e0 ce qu\u2019exigent les experts scientifiques et \u00e0 ce dont notre plan\u00e8te a besoin.<\/p><p><span style=\"letter-spacing: 0px; color: var( --e-global-color-accent ); font-family: var( --e-global-typography-secondary-font-family ), Sans-serif; font-size: var( --e-global-typography-secondary-font-size ); font-weight: var( --e-global-typography-secondary-font-weight );\">Nos engagements avec le fonds de dotation Better World Fund (BWF) marquent le d\u00e9but d\u2019une transformation plus radicale et incarnent notre vision du r\u00f4le et des responsabilit\u00e9s d\u2019une entreprises pour relever les d\u00e9fis auxquels le monde fait face.<\/span><\/p>\t\t\t\t\t\t\t\t<\/div>\n\t\t\t\t<\/div>\n\t\t\t\t<div class=\"elementor-element elementor-element-4be1b5c elementor-align-left elementor-widget-mobile__width-initial elementor-hidden-mobile elementor-hidden-tablet elementor-widget elementor-widget-button\" data-id=\"4be1b5c\" data-element_type=\"widget\" data-e-type=\"widget\" data-widget_type=\"button.default\">\n\t\t\t\t<div class=\"elementor-widget-container\">\n\t\t\t\t\t\t\t\t\t<div class=\"elementor-button-wrapper\">\n\t\t\t\t\t<a class=\"elementor-button elementor-button-link elementor-size-sm\" href=\"https:\/\/www.betterworld.fund\/\" target=\"_blank\">\n\t\t\t\t\t\t<span class=\"elementor-button-content-wrapper\">\n\t\t\t\t\t\t\t\t\t<span class=\"elementor-button-text\">VISITER LE SITE BWF<\/span>\n\t\t\t\t\t<\/span>\n\t\t\t\t\t<\/a>\n\t\t\t\t<\/div>\n\t\t\t\t\t\t\t\t<\/div>\n\t\t\t\t<\/div>\n\t\t\t\t\t<\/div>\r\n\t\t\t\t<\/div>\r\n\t\t\t\t<div class=\"elementor-column elementor-col-50 elementor-top-column elementor-element elementor-element-0dea72a\" data-id=\"0dea72a\" data-element_type=\"column\" data-e-type=\"column\">\r\n\t\t\t\t\t<div class=\"elementor-widget-wrap elementor-element-populated\">\r\n\t\t\t\t\t\t\t\t<div class=\"elementor-element elementor-element-e726343 elementor-hidden-mobile elementor-widget elementor-widget-image\" data-id=\"e726343\" data-element_type=\"widget\" data-e-type=\"widget\" data-widget_type=\"image.default\">\n\t\t\t\t<div class=\"elementor-widget-container\">\n\t\t\t\t\t\t\t\t\t\t\t\t\t\t\t<img decoding=\"async\" src=\"https:\/\/revivre-labs.com\/fr\/wp-content\/uploads\/2022\/04\/better-world-fund-300x300.png\" title=\"better-world-fund\" alt=\"better-world-fund\" loading=\"lazy\" \/>\t\t\t\t\t\t\t\t\t\t\t\t\t\t\t<\/div>\n\t\t\t\t<\/div>\n\t\t\t\t\t<\/div>\r\n\t\t\t\t<\/div>\r\n\t\t\t\t\t<\/div>\r\n\t\t\t\t<\/section>\r\n\t\t\t\t<section class=\"elementor-section elementor-top-section elementor-element elementor-element-80b6786 elementor-hidden-desktop elementor-hidden-laptop elementor-section-boxed elementor-section-height-default elementor-section-height-default\" data-id=\"80b6786\" data-element_type=\"section\" data-e-type=\"section\">\r\n\t\t\r\n\t\t\t\t\t\t\t<div class=\"elementor-container elementor-column-gap-default\">\r\n\t\t\t\t\t\t\t\t\t\t\t<div class=\"elementor-column elementor-col-100 elementor-top-column elementor-element elementor-element-3004adf\" data-id=\"3004adf\" data-element_type=\"column\" data-e-type=\"column\">\r\n\t\t\t\t\t<div class=\"elementor-widget-wrap elementor-element-populated\">\r\n\t\t\t\t\t\t\t\t<div class=\"elementor-element elementor-element-d32bc80 elementor-widget elementor-widget-text-editor\" data-id=\"d32bc80\" data-element_type=\"widget\" data-e-type=\"widget\" data-widget_type=\"text-editor.default\">\n\t\t\t\t<div class=\"elementor-widget-container\">\n\t\t\t\t\t\t\t\t\tNous nous sommes fix\u00e9s des objectifs audacieux et mesurables en mati\u00e8re de climat, d\u2019eau, de biodiversit\u00e9 et de ressources naturelles, conform\u00e9ment \u00e0 ce qu\u2019exigent les experts scientifiques et \u00e0 ce dont notre plan\u00e8te a besoin.\n<br\/><br\/>\n<span>Nos engagements avec le fonds de dotation Better World Fund (BWF) marquent le d\u00e9but d\u2019une transformation plus radicale et incarnent notre vision du r\u00f4le et des responsabilit\u00e9s d\u2019une entreprises pour relever les d\u00e9fis auxquels le monde fait face.<\/span>\t\t\t\t\t\t\t\t<\/div>\n\t\t\t\t<\/div>\n\t\t\t\t<div class=\"elementor-element elementor-element-ad85bb3 elementor-align-left elementor-widget-mobile__width-initial elementor-widget elementor-widget-button\" data-id=\"ad85bb3\" data-element_type=\"widget\" data-e-type=\"widget\" data-widget_type=\"button.default\">\n\t\t\t\t<div class=\"elementor-widget-container\">\n\t\t\t\t\t\t\t\t\t<div class=\"elementor-button-wrapper\">\n\t\t\t\t\t<a class=\"elementor-button elementor-button-link elementor-size-sm\" href=\"#\">\n\t\t\t\t\t\t<span class=\"elementor-button-content-wrapper\">\n\t\t\t\t\t\t\t\t\t<span class=\"elementor-button-text\">VOIR LE SITE BWF<\/span>\n\t\t\t\t\t<\/span>\n\t\t\t\t\t<\/a>\n\t\t\t\t<\/div>\n\t\t\t\t\t\t\t\t<\/div>\n\t\t\t\t<\/div>\n\t\t\t\t\t<\/div>\r\n\t\t\t\t<\/div>\r\n\t\t\t\t\t<\/div>\r\n\t\t\t\t<\/section>\r\n\t\t\t\t<section class=\"elementor-section elementor-top-section elementor-element elementor-element-049dec1 elementor-hidden-mobile elementor-section-boxed elementor-section-height-default elementor-section-height-default\" data-id=\"049dec1\" data-element_type=\"section\" data-e-type=\"section\">\r\n\t\t\r\n\t\t\t\t\t\t\t<div class=\"elementor-container elementor-column-gap-default\">\r\n\t\t\t\t\t\t\t\t\t\t\t<div class=\"elementor-column elementor-col-50 elementor-top-column elementor-element elementor-element-9474291 elementor-hidden-mobile\" data-id=\"9474291\" data-element_type=\"column\" data-e-type=\"column\">\r\n\t\t\t\t\t<div class=\"elementor-widget-wrap elementor-element-populated\">\r\n\t\t\t\t\t\t\t\t<div class=\"elementor-element elementor-element-4dabf20 elementor-widget elementor-widget-text-editor\" data-id=\"4dabf20\" data-element_type=\"widget\" data-e-type=\"widget\" data-widget_type=\"text-editor.default\">\n\t\t\t\t<div class=\"elementor-widget-container\">\n\t\t\t\t\t\t\t\t\t<p>Better World Fund organise des \u00e9v\u00e9nements internationaux prestigieux r\u00e9unissant des c\u00e9l\u00e9brit\u00e9s, des r\u00e9alisateurs, des leaders, des entreprises et acteurs du changement dans un seul but: faire de l\u2019engagement international pour les objectifs de d\u00e9veloppement durable une r\u00e9alit\u00e9.<br \/><br \/>Le Better World Fund est un fonds de dotation bas\u00e9 \u00e0 Paris. Il a \u00e9t\u00e9 cr\u00e9\u00e9 en 2016 en r\u00e9ponse \u00e0 un \u00e9lan humanitaire provenant d\u2019une soci\u00e9t\u00e9 qui a besoin de plus d\u2019\u00e9galit\u00e9. d\u2019authenticit\u00e9 et de v\u00e9rit\u00e9.<br \/><br \/>Au-del\u00e0 des diff\u00e9rences politiques, religieuses ou culturelles, le BWF met en lumi\u00e8re les droits des femmes, l\u2019\u00e9ducation, l\u2019environnement et la biodiversit\u00e9.<\/p>\t\t\t\t\t\t\t\t<\/div>\n\t\t\t\t<\/div>\n\t\t\t\t\t<\/div>\r\n\t\t\t\t<\/div>\r\n\t\t\t\t<div class=\"elementor-column elementor-col-50 elementor-top-column elementor-element elementor-element-de4b2f3 elementor-hidden-mobile\" data-id=\"de4b2f3\" data-element_type=\"column\" data-e-type=\"column\" data-settings=\"{&quot;background_background&quot;:&quot;classic&quot;}\">\r\n\t\t\t\t\t<div class=\"elementor-widget-wrap elementor-element-populated\">\r\n\t\t\t\t\t\t\t\t<section class=\"elementor-section elementor-inner-section elementor-element elementor-element-196acb9 elementor-section-height-min-height elementor-section-boxed elementor-section-height-default\" data-id=\"196acb9\" data-element_type=\"section\" data-e-type=\"section\" data-settings=\"{&quot;background_background&quot;:&quot;classic&quot;}\">\r\n\t\t\r\n\t\t\t\t\t\t\t<div class=\"elementor-container elementor-column-gap-default\">\r\n\t\t\t\t\t\t\t\t\t\t\t<div class=\"elementor-column elementor-col-100 elementor-inner-column elementor-element elementor-element-b775bf3\" data-id=\"b775bf3\" data-element_type=\"column\" data-e-type=\"column\">\r\n\t\t\t\t\t<div class=\"elementor-widget-wrap\">\r\n\t\t\t\t\t\t\t\t\t<\/div>\r\n\t\t\t\t<\/div>\r\n\t\t\t\t\t<\/div>\r\n\t\t\t\t<\/section>\r\n\t\t\t\t\t<\/div>\r\n\t\t\t\t<\/div>\r\n\t\t\t\t\t<\/div>\r\n\t\t\t\t<\/section>\r\n\t\t\t\t<section class=\"elementor-section elementor-top-section elementor-element elementor-element-87af3d6 elementor-reverse-mobile elementor-hidden-desktop elementor-hidden-tablet elementor-hidden-laptop elementor-section-boxed elementor-section-height-default elementor-section-height-default\" data-id=\"87af3d6\" data-element_type=\"section\" data-e-type=\"section\">\r\n\t\t\r\n\t\t\t\t\t\t\t<div class=\"elementor-container elementor-column-gap-default\">\r\n\t\t\t\t\t\t\t\t\t\t\t<div class=\"elementor-column elementor-col-50 elementor-top-column elementor-element elementor-element-7928a6e\" data-id=\"7928a6e\" data-element_type=\"column\" data-e-type=\"column\">\r\n\t\t\t\t\t<div class=\"elementor-widget-wrap elementor-element-populated\">\r\n\t\t\t\t\t\t\t\t<div class=\"elementor-element elementor-element-fb36b80 elementor-widget elementor-widget-text-editor\" data-id=\"fb36b80\" data-element_type=\"widget\" data-e-type=\"widget\" data-widget_type=\"text-editor.default\">\n\t\t\t\t<div class=\"elementor-widget-container\">\n\t\t\t\t\t\t\t\t\t<p>Better World Fund organise des \u00e9v\u00e9nements internationaux prestigieux r\u00e9unissant des c\u00e9l\u00e9brit\u00e9s, des r\u00e9alisateurs, des leaders, des entreprises et acteurs du changement dans un seul but: faire de l\u2019engagement international pour les objectifs de d\u00e9veloppement durable une r\u00e9alit\u00e9.<br \/><br \/>Le Better World Fund est un fonds de dotation bas\u00e9 \u00e0 Paris. Il a \u00e9t\u00e9 cr\u00e9\u00e9 en 2016 en r\u00e9ponse \u00e0 un \u00e9lan humanitaire provenant d\u2019une soci\u00e9t\u00e9 qui a besoin de plus d\u2019\u00e9galit\u00e9. d\u2019authenticit\u00e9 et de v\u00e9rit\u00e9.<br \/><br \/>Au-del\u00e0 des diff\u00e9rences politiques, religieuses ou culturelles, le BWF met en lumi\u00e8re les droits des femmes, l\u2019\u00e9ducation, l\u2019environnement et la biodiversit\u00e9.<\/p>\t\t\t\t\t\t\t\t<\/div>\n\t\t\t\t<\/div>\n\t\t\t\t\t<\/div>\r\n\t\t\t\t<\/div>\r\n\t\t\t\t<div class=\"elementor-column elementor-col-50 elementor-top-column elementor-element elementor-element-faf0664\" data-id=\"faf0664\" data-element_type=\"column\" data-e-type=\"column\" data-settings=\"{&quot;background_background&quot;:&quot;classic&quot;}\">\r\n\t\t\t\t\t<div class=\"elementor-widget-wrap elementor-element-populated\">\r\n\t\t\t\t\t\t\t\t<section class=\"elementor-section elementor-inner-section elementor-element elementor-element-b1e96d7 elementor-section-height-min-height elementor-section-full_width elementor-section-height-default\" data-id=\"b1e96d7\" data-element_type=\"section\" data-e-type=\"section\" data-settings=\"{&quot;background_background&quot;:&quot;classic&quot;}\">\r\n\t\t\r\n\t\t\t\t\t\t\t<div class=\"elementor-container elementor-column-gap-default\">\r\n\t\t\t\t\t\t\t\t\t\t\t<div class=\"elementor-column elementor-col-100 elementor-inner-column elementor-element elementor-element-d582a33\" data-id=\"d582a33\" data-element_type=\"column\" data-e-type=\"column\">\r\n\t\t\t\t\t<div class=\"elementor-widget-wrap\">\r\n\t\t\t\t\t\t\t\t\t<\/div>\r\n\t\t\t\t<\/div>\r\n\t\t\t\t\t<\/div>\r\n\t\t\t\t<\/section>\r\n\t\t\t\t\t<\/div>\r\n\t\t\t\t<\/div>\r\n\t\t\t\t\t<\/div>\r\n\t\t\t\t<\/section>\r\n\t\t\t\t<section class=\"elementor-section elementor-top-section elementor-element elementor-element-871fa59 elementor-hidden-desktop elementor-hidden-tablet elementor-hidden-laptop elementor-section-boxed elementor-section-height-default elementor-section-height-default\" data-id=\"871fa59\" data-element_type=\"section\" data-e-type=\"section\">\r\n\t\t\r\n\t\t\t\t\t\t\t<div class=\"elementor-container elementor-column-gap-default\">\r\n\t\t\t\t\t\t\t\t\t\t\t<div class=\"elementor-column elementor-col-50 elementor-top-column elementor-element elementor-element-548fd6c\" data-id=\"548fd6c\" data-element_type=\"column\" data-e-type=\"column\" data-settings=\"{&quot;background_background&quot;:&quot;classic&quot;}\">\r\n\t\t\t\t\t<div class=\"elementor-widget-wrap elementor-element-populated\">\r\n\t\t\t\t\t\t\t\t<section class=\"elementor-section elementor-inner-section elementor-element elementor-element-080c96c elementor-section-height-min-height elementor-section-full_width elementor-section-height-default\" data-id=\"080c96c\" data-element_type=\"section\" data-e-type=\"section\" data-settings=\"{&quot;background_background&quot;:&quot;classic&quot;}\">\r\n\t\t\r\n\t\t\t\t\t\t\t<div class=\"elementor-container elementor-column-gap-no\">\r\n\t\t\t\t\t\t\t\t\t\t\t<div class=\"elementor-column elementor-col-100 elementor-inner-column elementor-element elementor-element-e911fd6\" data-id=\"e911fd6\" data-element_type=\"column\" data-e-type=\"column\">\r\n\t\t\t\t\t<div class=\"elementor-widget-wrap\">\r\n\t\t\t\t\t\t\t\t\t<\/div>\r\n\t\t\t\t<\/div>\r\n\t\t\t\t\t<\/div>\r\n\t\t\t\t<\/section>\r\n\t\t\t\t\t<\/div>\r\n\t\t\t\t<\/div>\r\n\t\t\t\t<div class=\"elementor-column elementor-col-50 elementor-top-column elementor-element elementor-element-0d65298\" data-id=\"0d65298\" data-element_type=\"column\" data-e-type=\"column\">\r\n\t\t\t\t\t<div class=\"elementor-widget-wrap elementor-element-populated\">\r\n\t\t\t\t\t\t\t\t<div class=\"elementor-element elementor-element-3e924f6 elementor-widget elementor-widget-text-editor\" data-id=\"3e924f6\" data-element_type=\"widget\" data-e-type=\"widget\" data-widget_type=\"text-editor.default\">\n\t\t\t\t<div class=\"elementor-widget-container\">\n\t\t\t\t\t\t\t\t\t<p>Better World Fund organise des \u00e9v\u00e9nements internationaux prestigieux r\u00e9unissant des c\u00e9l\u00e9brit\u00e9s, des r\u00e9alisateurs, des leaders, des entreprises et acteurs du changement dans un seul but: faire de l\u2019engagement international pour les objectifs de d\u00e9veloppement durable une r\u00e9alit\u00e9.<br \/><br \/>Le Better World Fund est un fonds de dotation bas\u00e9 \u00e0 Paris. Il a \u00e9t\u00e9 cr\u00e9\u00e9 en 2016 en r\u00e9ponse \u00e0 un \u00e9lan humanitaire provenant d\u2019une soci\u00e9t\u00e9 qui a besoin de plus d\u2019\u00e9galit\u00e9. d\u2019authenticit\u00e9 et de v\u00e9rit\u00e9.<br \/><br \/>Au-del\u00e0 des diff\u00e9rences politiques, religieuses ou culturelles, le BWF met en lumi\u00e8re les droits des femmes, l\u2019\u00e9ducation, l\u2019environnement et la biodiversit\u00e9.<\/p>\t\t\t\t\t\t\t\t<\/div>\n\t\t\t\t<\/div>\n\t\t\t\t\t<\/div>\r\n\t\t\t\t<\/div>\r\n\t\t\t\t\t<\/div>\r\n\t\t\t\t<\/section>\r\n\t\t\t\t<section class=\"elementor-section elementor-top-section elementor-element elementor-element-f51a1bc elementor-hidden-mobile elementor-section-boxed elementor-section-height-default elementor-section-height-default\" data-id=\"f51a1bc\" data-element_type=\"section\" data-e-type=\"section\">\r\n\t\t\r\n\t\t\t\t\t\t\t<div class=\"elementor-container elementor-column-gap-default\">\r\n\t\t\t\t\t\t\t\t\t\t\t<div class=\"elementor-column elementor-col-50 elementor-top-column elementor-element elementor-element-030f543\" data-id=\"030f543\" data-element_type=\"column\" data-e-type=\"column\" data-settings=\"{&quot;background_background&quot;:&quot;classic&quot;}\">\r\n\t\t\t\t\t<div class=\"elementor-widget-wrap elementor-element-populated\">\r\n\t\t\t\t\t\t\t\t<section class=\"elementor-section elementor-inner-section elementor-element elementor-element-2471eba elementor-section-height-min-height elementor-section-boxed elementor-section-height-default\" data-id=\"2471eba\" data-element_type=\"section\" data-e-type=\"section\" data-settings=\"{&quot;background_background&quot;:&quot;classic&quot;}\">\r\n\t\t\r\n\t\t\t\t\t\t\t<div class=\"elementor-container elementor-column-gap-default\">\r\n\t\t\t\t\t\t\t\t\t\t\t<div class=\"elementor-column elementor-col-100 elementor-inner-column elementor-element elementor-element-bc4a733\" data-id=\"bc4a733\" data-element_type=\"column\" data-e-type=\"column\">\r\n\t\t\t\t\t<div class=\"elementor-widget-wrap\">\r\n\t\t\t\t\t\t\t\t\t<\/div>\r\n\t\t\t\t<\/div>\r\n\t\t\t\t\t<\/div>\r\n\t\t\t\t<\/section>\r\n\t\t\t\t\t<\/div>\r\n\t\t\t\t<\/div>\r\n\t\t\t\t<div class=\"elementor-column elementor-col-50 elementor-top-column elementor-element elementor-element-d3bdb29\" data-id=\"d3bdb29\" data-element_type=\"column\" data-e-type=\"column\">\r\n\t\t\t\t\t<div class=\"elementor-widget-wrap elementor-element-populated\">\r\n\t\t\t\t\t\t\t\t<div class=\"elementor-element elementor-element-2a82228 elementor-widget elementor-widget-text-editor\" data-id=\"2a82228\" data-element_type=\"widget\" data-e-type=\"widget\" data-widget_type=\"text-editor.default\">\n\t\t\t\t<div class=\"elementor-widget-container\">\n\t\t\t\t\t\t\t\t\t<p>Better World Fund organise des \u00e9v\u00e9nements internationaux prestigieux r\u00e9unissant des c\u00e9l\u00e9brit\u00e9s, des r\u00e9alisateurs, des leaders, des entreprises et acteurs du changement dans un seul but: faire de l\u2019engagement international pour les objectifs de d\u00e9veloppement durable une r\u00e9alit\u00e9.<br \/><br \/>Le Better World Fund est un fonds de dotation bas\u00e9 \u00e0 Paris. Il a \u00e9t\u00e9 cr\u00e9\u00e9 en 2016 en r\u00e9ponse \u00e0 un \u00e9lan humanitaire provenant d\u2019une soci\u00e9t\u00e9 qui a besoin de plus d\u2019\u00e9galit\u00e9. d\u2019authenticit\u00e9 et de v\u00e9rit\u00e9.<br \/><br \/>Au-del\u00e0 des diff\u00e9rences politiques, religieuses ou culturelles, le BWF met en lumi\u00e8re les droits des femmes, l\u2019\u00e9ducation, l\u2019environnement et la biodiversit\u00e9.<\/p>\t\t\t\t\t\t\t\t<\/div>\n\t\t\t\t<\/div>\n\t\t\t\t\t<\/div>\r\n\t\t\t\t<\/div>\r\n\t\t\t\t\t<\/div>\r\n\t\t\t\t<\/section>\r\n\t\t\t\t<\/div>\n\t\t","protected":false},"excerpt":{"rendered":"<p>Notre partenariat avec le Better World Fund Nous nous sommes fix\u00e9s des objectifs audacieux et mesurables en mati\u00e8re de climat, d\u2019eau, de biodiversit\u00e9 et de ressources naturelles, conform\u00e9ment \u00e0 ce qu\u2019exigent les experts scientifiques et \u00e0 ce dont notre plan\u00e8te a besoin. Nos engagements avec le fonds de dotation Better World Fund (BWF) marquent le [&hellip;]<\/p>\n","protected":false},"author":1,"featured_media":0,"parent":0,"menu_order":0,"comment_status":"closed","ping_status":"closed","template":"","meta":{"footnotes":""},"class_list":["post-844","page","type-page","status-publish","hentry"],"_links":{"self":[{"href":"https:\/\/revivre-labs.com\/fr\/wp-json\/wp\/v2\/pages\/844","targetHints":{"allow":["GET"]}}],"collection":[{"href":"https:\/\/revivre-labs.com\/fr\/wp-json\/wp\/v2\/pages"}],"about":[{"href":"https:\/\/revivre-labs.com\/fr\/wp-json\/wp\/v2\/types\/page"}],"author":[{"embeddable":true,"href":"https:\/\/revivre-labs.com\/fr\/wp-json\/wp\/v2\/users\/1"}],"replies":[{"embeddable":true,"href":"https:\/\/revivre-labs.com\/fr\/wp-json\/wp\/v2\/comments?post=844"}],"version-history":[{"count":1,"href":"https:\/\/revivre-labs.com\/fr\/wp-json\/wp\/v2\/pages\/844\/revisions"}],"predecessor-version":[{"id":10929,"href":"https:\/\/revivre-labs.com\/fr\/wp-json\/wp\/v2\/pages\/844\/revisions\/10929"}],"wp:attachment":[{"href":"https:\/\/revivre-labs.com\/fr\/wp-json\/wp\/v2\/media?parent=844"}],"curies":[{"name":"wp","href":"https:\/\/api.w.org\/{rel}","templated":true}]}}