{"id":4698,"date":"2022-06-14T21:54:49","date_gmt":"2022-06-14T19:54:49","guid":{"rendered":"https:\/\/reviscience-labs.com\/beta\/?page_id=4698"},"modified":"2023-01-29T22:24:36","modified_gmt":"2023-01-29T21:24:36","slug":"conditions-generales-de-vente","status":"publish","type":"page","link":"https:\/\/revivre-labs.com\/fr\/conditions-generales-de-vente\/","title":{"rendered":"Conditions G\u00e9n\u00e9rales de Vente"},"content":{"rendered":"\t\t<div data-elementor-type=\"wp-page\" data-elementor-id=\"4698\" class=\"elementor elementor-4698\" data-elementor-post-type=\"page\">\n\t\t\t\t\t\t<section class=\"elementor-section elementor-top-section elementor-element elementor-element-70b440b elementor-section-height-min-height elementor-section-boxed elementor-section-height-default elementor-section-items-middle\" data-id=\"70b440b\" data-element_type=\"section\" data-e-type=\"section\" data-settings=\"{&quot;background_background&quot;:&quot;classic&quot;}\">\r\n\t\t\t\t\t\t<div class=\"elementor-background-overlay\"><\/div>\r\n\t\t\t\r\n\t\t\t\t\t\t\t<div class=\"elementor-container elementor-column-gap-default\">\r\n\t\t\t\t\t\t\t\t\t\t\t<div class=\"elementor-column elementor-col-100 elementor-top-column elementor-element elementor-element-a3e6844\" data-id=\"a3e6844\" data-element_type=\"column\" data-e-type=\"column\">\r\n\t\t\t\t\t<div class=\"elementor-widget-wrap elementor-element-populated\">\r\n\t\t\t\t\t\t\t\t<div class=\"elementor-element elementor-element-15e05d8 elementor-widget elementor-widget-heading\" data-id=\"15e05d8\" data-element_type=\"widget\" data-e-type=\"widget\" data-widget_type=\"heading.default\">\n\t\t\t\t<div class=\"elementor-widget-container\">\n\t\t\t\t\t<p class=\"elementor-heading-title elementor-size-default\">Conditions G\u00e9n\u00e9rales de Vente<\/p>\t\t\t\t<\/div>\n\t\t\t\t<\/div>\n\t\t\t\t\t<\/div>\r\n\t\t\t\t<\/div>\r\n\t\t\t\t\t<\/div>\r\n\t\t\t\t<\/section>\r\n\t\t\t\t<section class=\"elementor-section elementor-top-section elementor-element elementor-element-6d70b50 elementor-section-boxed elementor-section-height-default elementor-section-height-default\" data-id=\"6d70b50\" data-element_type=\"section\" data-e-type=\"section\">\r\n\t\t\r\n\t\t\t\t\t\t\t<div class=\"elementor-container elementor-column-gap-default\">\r\n\t\t\t\t\t\t\t\t\t\t\t<div class=\"elementor-column elementor-col-100 elementor-top-column elementor-element elementor-element-762180a\" data-id=\"762180a\" data-element_type=\"column\" data-e-type=\"column\">\r\n\t\t\t\t\t<div class=\"elementor-widget-wrap elementor-element-populated\">\r\n\t\t\t\t\t\t\t\t<div class=\"elementor-element elementor-element-eea4399 elementor-widget elementor-widget-heading\" data-id=\"eea4399\" data-element_type=\"widget\" data-e-type=\"widget\" data-widget_type=\"heading.default\">\n\t\t\t\t<div class=\"elementor-widget-container\">\n\t\t\t\t\t<h2 class=\"elementor-heading-title elementor-size-default\">Mentions L\u00e9gales<\/h2>\t\t\t\t<\/div>\n\t\t\t\t<\/div>\n\t\t\t\t<div class=\"elementor-element elementor-element-1cbee1d elementor-widget elementor-widget-text-editor\" data-id=\"1cbee1d\" data-element_type=\"widget\" data-e-type=\"widget\" data-widget_type=\"text-editor.default\">\n\t\t\t\t<div class=\"elementor-widget-container\">\n\t\t\t\t\t\t\t\t\t<p>URL : www.reviscience-labs.com (le site)<br \/>Edit\u00e9 par la soci\u00e9t\u00e9 COBO, SARL, dont le si\u00e8ge social est 89 rue Saint Honor\u00e9 75001 Paris, France, SIRET 50974997400010, agissant au nom et pour le compte de la marque REVISCIENCE LABS.<\/p><p><span style=\"font-family: var( --e-global-typography-secondary-font-family ), Sans-serif; font-size: var( --e-global-typography-secondary-font-size ); font-weight: var( --e-global-typography-secondary-font-weight ); color: var( --e-global-color-secondary ); letter-spacing: var(--porto-body-ls,0);\">N\u00b0 de TVA intracommunautaire : FR23509749974<\/span><\/p><p><span style=\"color: var( --e-global-color-secondary ); font-family: var( --e-global-typography-secondary-font-family ), Sans-serif; font-size: var( --e-global-typography-secondary-font-size ); font-weight: var( --e-global-typography-secondary-font-weight ); letter-spacing: var(--porto-body-ls,0);\">Service client : Courrier \u00e9lectronique : info@revivre-labs.com<\/span><\/p><p>Nous Vous invitons \u00e0 lire attentivement les pr\u00e9sentes conditions g\u00e9n\u00e9rales de vente (les \u00ab CGV \u00bb) ainsi que les Conditions d\u2019Utilisation du Site et la Politique des Donn\u00e9es \u00e0 caract\u00e8re personnel qui r\u00e9gissent Votre navigation sur le Site ainsi que nos relations si Vous commandez des produits sur le Site (les \u00ab Produits \u00bb).<\/p><p><span style=\"color: var( --e-global-color-secondary ); font-family: var( --e-global-typography-secondary-font-family ), Sans-serif; font-size: var( --e-global-typography-secondary-font-size ); font-weight: var( --e-global-typography-secondary-font-weight ); letter-spacing: var(--porto-body-ls,0);\">Dans le cadre des pr\u00e9sentes CGV, il est convenu que \u00ab Vous \u00bb ou l\u2019\u00ab Acheteur \u00bb d\u00e9signe la personne naviguant sur le Site et\/ou commandant des Produits sur le Site ; \u00ab Nous \u00bb ou le \u00ab Vendeur \u00bb d\u00e9signe la soci\u00e9t\u00e9 identifi\u00e9e dans les mentions l\u00e9gales ci-dessus; l\u2019Acheteur et le Vendeur seront collectivement d\u00e9nomm\u00e9s les \u00ab Parties \u00bb et individuellement d\u00e9nomm\u00e9s la \u00ab Partie \u00bb.\u00a0<\/span><\/p><p><span style=\"font-family: var( --e-global-typography-secondary-font-family ), Sans-serif; font-size: var( --e-global-typography-secondary-font-size ); font-weight: var( --e-global-typography-secondary-font-weight ); color: var( --e-global-color-secondary ); letter-spacing: var(--porto-body-ls,0);\">Toute commande d\u2019un Produit sur le Site suppose la consultation et l\u2019acceptation expresse des pr\u00e9sentes CGV.<\/span><\/p><p>Conform\u00e9ment aux dispositions l\u00e9gislatives et r\u00e8glementaires applicables, il est rappel\u00e9 que la validation du bon de commande telle que pr\u00e9cis\u00e9e dans les pr\u00e9sentes CGV, constitue un contrat \u00e9lectronique entre les Parties qui vaut preuve entre les Parties de l\u2019int\u00e9gralit\u00e9 de la commande et de l\u2019exigibilit\u00e9 des sommes dues en ex\u00e9cution de ladite commandes.<\/p>\t\t\t\t\t\t\t\t<\/div>\n\t\t\t\t<\/div>\n\t\t\t\t\t<\/div>\r\n\t\t\t\t<\/div>\r\n\t\t\t\t\t<\/div>\r\n\t\t\t\t<\/section>\r\n\t\t\t\t<section class=\"elementor-section elementor-top-section elementor-element elementor-element-65f687a elementor-section-boxed elementor-section-height-default elementor-section-height-default\" data-id=\"65f687a\" data-element_type=\"section\" data-e-type=\"section\">\r\n\t\t\r\n\t\t\t\t\t\t\t<div class=\"elementor-container elementor-column-gap-default\">\r\n\t\t\t\t\t\t\t\t\t\t\t<div class=\"elementor-column elementor-col-100 elementor-top-column elementor-element elementor-element-e76f80f\" data-id=\"e76f80f\" data-element_type=\"column\" data-e-type=\"column\">\r\n\t\t\t\t\t<div class=\"elementor-widget-wrap elementor-element-populated\">\r\n\t\t\t\t\t\t\t\t<div class=\"elementor-element elementor-element-8489e40 elementor-widget elementor-widget-heading\" data-id=\"8489e40\" data-element_type=\"widget\" data-e-type=\"widget\" data-widget_type=\"heading.default\">\n\t\t\t\t<div class=\"elementor-widget-container\">\n\t\t\t\t\t<h2 class=\"elementor-heading-title elementor-size-default\">Conditions d'Achat\n<\/h2>\t\t\t\t<\/div>\n\t\t\t\t<\/div>\n\t\t\t\t<div class=\"elementor-element elementor-element-1c67caf elementor-widget elementor-widget-text-editor\" data-id=\"1c67caf\" data-element_type=\"widget\" data-e-type=\"widget\" data-widget_type=\"text-editor.default\">\n\t\t\t\t<div class=\"elementor-widget-container\">\n\t\t\t\t\t\t\t\t\t<p>Les Produits que Nous proposons sur le Site sont r\u00e9serv\u00e9s aux personnes (i) majeures (ou mineures titulaires d\u2019une autorisation de leur repr\u00e9sentant l\u00e9gal leur permettant d\u2019effectuer une commande sur le Site) et (ii) disposant de la pleine capacit\u00e9 juridique pour passer des commandes sur le Site.\u00a0<\/p><p>Nous nous r\u00e9servons le droit \u00e0 tout moment de Vous demander un justificatif d\u2019identit\u00e9 attestant de votre \u00e2ge et\/ou de l\u2019autorisation du repr\u00e9sentant l\u00e9gal pr\u00e9cit\u00e9e. Nous nous r\u00e9servons le droit de ne pas r\u00e9pondre \u00e0 une commande et\/ou d\u2019exclure de notre base de donn\u00e9es clients\/prospects, un Acheteur qui n\u2019aurait pas r\u00e9pondu \u00e0 la demande ci-dessus ou qui ne remplit pas les exigences pr\u00e9vues \u00e0 la pr\u00e9sente clause.<\/p><p>Il est pr\u00e9cis\u00e9 que les Produits sont destin\u00e9s \u00e0 l\u2019utilisation personnelle de l\u2019Acheteur, qui ne doit pas \u00eatre en lien avec l\u2019activit\u00e9 professionnelle de celui-ci, en ce compris toute revente du Produit. A ce titre, il est pr\u00e9cis\u00e9 qu\u2019un m\u00eame Acheteur n\u2019est autoris\u00e9 \u00e0 commander qu\u2019un maximum de 25 unit\u00e9s d\u2019une m\u00eame r\u00e9f\u00e9rence par commande.<\/p>\t\t\t\t\t\t\t\t<\/div>\n\t\t\t\t<\/div>\n\t\t\t\t\t<\/div>\r\n\t\t\t\t<\/div>\r\n\t\t\t\t\t<\/div>\r\n\t\t\t\t<\/section>\r\n\t\t\t\t<section class=\"elementor-section elementor-top-section elementor-element elementor-element-6d89251 elementor-section-boxed elementor-section-height-default elementor-section-height-default\" data-id=\"6d89251\" data-element_type=\"section\" data-e-type=\"section\">\r\n\t\t\r\n\t\t\t\t\t\t\t<div class=\"elementor-container elementor-column-gap-default\">\r\n\t\t\t\t\t\t\t\t\t\t\t<div class=\"elementor-column elementor-col-100 elementor-top-column elementor-element elementor-element-463871c\" data-id=\"463871c\" data-element_type=\"column\" data-e-type=\"column\">\r\n\t\t\t\t\t<div class=\"elementor-widget-wrap elementor-element-populated\">\r\n\t\t\t\t\t\t\t\t<div class=\"elementor-element elementor-element-bd72f92 elementor-widget elementor-widget-heading\" data-id=\"bd72f92\" data-element_type=\"widget\" data-e-type=\"widget\" data-widget_type=\"heading.default\">\n\t\t\t\t<div class=\"elementor-widget-container\">\n\t\t\t\t\t<h2 class=\"elementor-heading-title elementor-size-default\">Produits<\/h2>\t\t\t\t<\/div>\n\t\t\t\t<\/div>\n\t\t\t\t<div class=\"elementor-element elementor-element-f2788a1 elementor-widget elementor-widget-text-editor\" data-id=\"f2788a1\" data-element_type=\"widget\" data-e-type=\"widget\" data-widget_type=\"text-editor.default\">\n\t\t\t\t<div class=\"elementor-widget-container\">\n\t\t\t\t\t\t\t\t\tLes Produits propos\u00e9s \u00e0 la vente sur le Site sont ceux qui figurent sur le Site, au jour de la consultation du Site par l\u2019Acheteur.\n\nL\u2019Acheteur est inform\u00e9 que les photographies et les textes illustrant les Produits sont susceptibles d\u2019\u00e9voluer.\t\t\t\t\t\t\t\t<\/div>\n\t\t\t\t<\/div>\n\t\t\t\t\t<\/div>\r\n\t\t\t\t<\/div>\r\n\t\t\t\t\t<\/div>\r\n\t\t\t\t<\/section>\r\n\t\t\t\t<section class=\"elementor-section elementor-top-section elementor-element elementor-element-b1c0490 elementor-section-boxed elementor-section-height-default elementor-section-height-default\" data-id=\"b1c0490\" data-element_type=\"section\" data-e-type=\"section\">\r\n\t\t\r\n\t\t\t\t\t\t\t<div class=\"elementor-container elementor-column-gap-default\">\r\n\t\t\t\t\t\t\t\t\t\t\t<div class=\"elementor-column elementor-col-100 elementor-top-column elementor-element elementor-element-af23cdb\" data-id=\"af23cdb\" data-element_type=\"column\" data-e-type=\"column\">\r\n\t\t\t\t\t<div class=\"elementor-widget-wrap elementor-element-populated\">\r\n\t\t\t\t\t\t\t\t<div class=\"elementor-element elementor-element-14a66c1 elementor-widget elementor-widget-heading\" data-id=\"14a66c1\" data-element_type=\"widget\" data-e-type=\"widget\" data-widget_type=\"heading.default\">\n\t\t\t\t<div class=\"elementor-widget-container\">\n\t\t\t\t\t<h2 class=\"elementor-heading-title elementor-size-default\">Indisponibilit\u00e9 d'un produit<\/h2>\t\t\t\t<\/div>\n\t\t\t\t<\/div>\n\t\t\t\t<div class=\"elementor-element elementor-element-d08ed2d elementor-widget elementor-widget-text-editor\" data-id=\"d08ed2d\" data-element_type=\"widget\" data-e-type=\"widget\" data-widget_type=\"text-editor.default\">\n\t\t\t\t<div class=\"elementor-widget-container\">\n\t\t\t\t\t\t\t\t\t<p>En cas d\u2019indisponibilit\u00e9 d\u2019un Produit, Vous \u00eates inform\u00e9 de cette indisponibilit\u00e9 :<\/p><ul><li>soit, lors de l\u2019\u00e9tablissement de la commande : un message s\u2019affiche et indique que le Produit souhait\u00e9 est momentan\u00e9ment indisponible,<\/li><li>soit, suite \u00e0 la validation de la commande et avant la livraison, par courrier \u00e9lectronique.<\/li><\/ul><p>Si la commande est valid\u00e9e par l\u2019Acheteur, il est alors livr\u00e9 d\u2019une seule commande partielle, sans le(s) Produit(s) indisponible(s) \u00e0 la date de la commande. La commande partielle est exp\u00e9di\u00e9e \u00e0 l\u2019Acheteur et livr\u00e9e \u00e0 celui-ci au tarif standard de livraison indiqu\u00e9 dans le tableau \u00e0 l\u2019Article \u00ab Prix \u00bb ci-dessous. Le prix de la commande est alors factur\u00e9 \u00e0 l\u2019Acheteur, minor\u00e9 du prix correspondant au(x) Produit(s) non disponible(s).\u00a0<\/p><p>Dans le cas o\u00f9 la totalit\u00e9 du prix aurait \u00e9t\u00e9 encaiss\u00e9 directement lors de la commande de l\u2019Acheteur, le Vendeur s\u2019engage \u00e0 rembourser l\u2019Acheteur de la portion du prix correspondant au(x) Produit(s) non disponibles dans un d\u00e9lai maximum de quatorze (14) jours \u00e0 compter de la notification de non disponibilit\u00e9 adress\u00e9e \u00e0 l\u2019Acheteur, et selon le mode de paiement utilis\u00e9 par l\u2019Acheteur.<\/p><p>Dans le cas o\u00f9 l\u2019Acheteur demande l\u2019annulation de l\u2019ensemble de sa commande, le prix de la commande ne sera pas encaiss\u00e9.<\/p><p>Dans le cas o\u00f9 le paiement de l\u2019Acheteur aurait \u00e9t\u00e9 encaiss\u00e9 imm\u00e9diatement lors de sa commande, le Vendeur s\u2019engage \u00e0 rembourser l\u2019Acheteur des sommes vers\u00e9es par celui-ci dans un d\u00e9lai maximum de quatorze (14) jours \u00e0 compter de la date de r\u00e9ception de sa demande d\u2019annulation de commande, selon le mode de paiement utilis\u00e9 par l\u2019Acheteur.<\/p>\t\t\t\t\t\t\t\t<\/div>\n\t\t\t\t<\/div>\n\t\t\t\t\t<\/div>\r\n\t\t\t\t<\/div>\r\n\t\t\t\t\t<\/div>\r\n\t\t\t\t<\/section>\r\n\t\t\t\t<section class=\"elementor-section elementor-top-section elementor-element elementor-element-ac07413 elementor-section-boxed elementor-section-height-default elementor-section-height-default\" data-id=\"ac07413\" data-element_type=\"section\" data-e-type=\"section\">\r\n\t\t\r\n\t\t\t\t\t\t\t<div class=\"elementor-container elementor-column-gap-default\">\r\n\t\t\t\t\t\t\t\t\t\t\t<div class=\"elementor-column elementor-col-100 elementor-top-column elementor-element elementor-element-a18c580\" data-id=\"a18c580\" data-element_type=\"column\" data-e-type=\"column\">\r\n\t\t\t\t\t<div class=\"elementor-widget-wrap elementor-element-populated\">\r\n\t\t\t\t\t\t\t\t<div class=\"elementor-element elementor-element-0359041 elementor-widget elementor-widget-heading\" data-id=\"0359041\" data-element_type=\"widget\" data-e-type=\"widget\" data-widget_type=\"heading.default\">\n\t\t\t\t<div class=\"elementor-widget-container\">\n\t\t\t\t\t<h2 class=\"elementor-heading-title elementor-size-default\">Retours et droit de r\u00e9tractation<\/h2>\t\t\t\t<\/div>\n\t\t\t\t<\/div>\n\t\t\t\t<div class=\"elementor-element elementor-element-a866441 elementor-widget elementor-widget-text-editor\" data-id=\"a866441\" data-element_type=\"widget\" data-e-type=\"widget\" data-widget_type=\"text-editor.default\">\n\t\t\t\t<div class=\"elementor-widget-container\">\n\t\t\t\t\t\t\t\t\t<p>Conform\u00e9ment \u00e0 la r\u00e9glementation, vous disposez d&rsquo;un d\u00e9lai de 14 jours pour renoncer \u00e0 votre achat sur notre site. Ce d\u00e9lai de 14 jours commence le lendemain de la conclusion du contrat ou bien de la livraison de votre colis ; si ce d\u00e9lai expire un samedi, un dimanche ou un jour f\u00e9ri\u00e9, il est prolong\u00e9 jusqu&rsquo;au premier jour ouvrable suivant.<\/p><p>Vous devez notifier votre d\u00e9cision de vous r\u00e9tracter par email, \u00e0 l\u2019adresse\u00a0<a href=\"mailto:info@revivre-bas.com\">info@revivre-bas.com<\/a><\/p><p>Les produits doivent \u00eatre retourn\u00e9s dans leur emballage d\u2019origine, en \u00e9tat neuf (non ouverts).<\/p><p>Les frais de ports de retour sont \u00e0 la charge du client.<\/p><p>A r\u00e9ception des produits et apr\u00e8s v\u00e9rification de leur \u00e9tat, nous proc\u00e9derons \u00e0 leur remboursement via le moyen de paiement utilis\u00e9 lors de la commande (carte de cr\u00e9dit utilis\u00e9e, Paypal\u2026) ou bien par tout autre moyen s\u2019il s\u2019av\u00e8re impossible de proc\u00e9der \u00e0 un protocole de remboursement \u00e9lectronique<\/p>\t\t\t\t\t\t\t\t<\/div>\n\t\t\t\t<\/div>\n\t\t\t\t\t<\/div>\r\n\t\t\t\t<\/div>\r\n\t\t\t\t\t<\/div>\r\n\t\t\t\t<\/section>\r\n\t\t\t\t<section class=\"elementor-section elementor-top-section elementor-element elementor-element-32388d0 elementor-section-boxed elementor-section-height-default elementor-section-height-default\" data-id=\"32388d0\" data-element_type=\"section\" data-e-type=\"section\">\r\n\t\t\r\n\t\t\t\t\t\t\t<div class=\"elementor-container elementor-column-gap-default\">\r\n\t\t\t\t\t\t\t\t\t\t\t<div class=\"elementor-column elementor-col-100 elementor-top-column elementor-element elementor-element-b4862dc\" data-id=\"b4862dc\" data-element_type=\"column\" data-e-type=\"column\">\r\n\t\t\t\t\t<div class=\"elementor-widget-wrap elementor-element-populated\">\r\n\t\t\t\t\t\t\t\t<div class=\"elementor-element elementor-element-e000c6c elementor-widget elementor-widget-heading\" data-id=\"e000c6c\" data-element_type=\"widget\" data-e-type=\"widget\" data-widget_type=\"heading.default\">\n\t\t\t\t<div class=\"elementor-widget-container\">\n\t\t\t\t\t<h2 class=\"elementor-heading-title elementor-size-default\">Prix<\/h2>\t\t\t\t<\/div>\n\t\t\t\t<\/div>\n\t\t\t\t<div class=\"elementor-element elementor-element-1a0b1c9 elementor-widget elementor-widget-text-editor\" data-id=\"1a0b1c9\" data-element_type=\"widget\" data-e-type=\"widget\" data-widget_type=\"text-editor.default\">\n\t\t\t\t<div class=\"elementor-widget-container\">\n\t\t\t\t\t\t\t\t\t<div class=\"rtable-cell rtable-cell--head alignCenter--ml\" data-columns=\"0\"><div class=\"main-txt-content\"><p>Les prix sont indiqu\u00e9s en euros (\u20ac) et sont valables dans l\u2019Union Europ\u00e9enne, hors territoires d\u2019Outre-Mer. Ils tiennent compte d\u2019\u00e9ventuelles r\u00e9ductions ainsi que de la T.V.A., applicables au jour de la commande. Tout changement du taux applicable de TVA sera r\u00e9percut\u00e9 sur le prix des Produits.<\/p><\/div><\/div><div>Le Vendeur se r\u00e9serve le droit, de modifier ses prix \u00e0 tout moment mais les Produits sont factur\u00e9s sur la base des tarifs en vigueur au moment de l\u2019enregistrement de la commande.<\/div>\t\t\t\t\t\t\t\t<\/div>\n\t\t\t\t<\/div>\n\t\t\t\t\t<\/div>\r\n\t\t\t\t<\/div>\r\n\t\t\t\t\t<\/div>\r\n\t\t\t\t<\/section>\r\n\t\t\t\t<section class=\"elementor-section elementor-top-section elementor-element elementor-element-e7eaa5e elementor-section-boxed elementor-section-height-default elementor-section-height-default\" data-id=\"e7eaa5e\" data-element_type=\"section\" data-e-type=\"section\">\r\n\t\t\r\n\t\t\t\t\t\t\t<div class=\"elementor-container elementor-column-gap-default\">\r\n\t\t\t\t\t\t\t\t\t\t\t<div class=\"elementor-column elementor-col-100 elementor-top-column elementor-element elementor-element-7958716\" data-id=\"7958716\" data-element_type=\"column\" data-e-type=\"column\">\r\n\t\t\t\t\t<div class=\"elementor-widget-wrap elementor-element-populated\">\r\n\t\t\t\t\t\t\t\t<div class=\"elementor-element elementor-element-1dbfa10 elementor-widget elementor-widget-heading\" data-id=\"1dbfa10\" data-element_type=\"widget\" data-e-type=\"widget\" data-widget_type=\"heading.default\">\n\t\t\t\t<div class=\"elementor-widget-container\">\n\t\t\t\t\t<h2 class=\"elementor-heading-title elementor-size-default\">Notes et commentaires des internautes\n<\/h2>\t\t\t\t<\/div>\n\t\t\t\t<\/div>\n\t\t\t\t<div class=\"elementor-element elementor-element-e1ebb30 elementor-widget elementor-widget-text-editor\" data-id=\"e1ebb30\" data-element_type=\"widget\" data-e-type=\"widget\" data-widget_type=\"text-editor.default\">\n\t\t\t\t<div class=\"elementor-widget-container\">\n\t\t\t\t\t\t\t\t\t<p>Vous avez la possibilit\u00e9 de donner votre avis et de recommander chaque Produit. Vous avez \u00e9galement la possibilit\u00e9 de consulter les avis et recommandations des autres internautes. Les avis et recommandations exprim\u00e9s pour chaque Produit correspondent \u00e0 la moyenne des notes et des recommandations des internautes ayant r\u00e9pondu \u00e0 chaque question, et n\u2019engagent que ces derniers. Ces avis et recommandations ne peuvent en aucun cas constituer un \u00e9l\u00e9ment contractuel de la part du Vendeur.<br \/>Les \u00e9toiles figurant sur le Site \u00e0 c\u00f4t\u00e9 des Produits repr\u00e9sentent la moyenne des notes, \u00e0 un instant donn\u00e9, laiss\u00e9es par les personnes qui se sont exprim\u00e9es sur notre Site \u00e0 propos de ce Produit. Elles sont donc susceptibles d\u2019\u00e9voluer tous les jours.<\/p>\t\t\t\t\t\t\t\t<\/div>\n\t\t\t\t<\/div>\n\t\t\t\t\t<\/div>\r\n\t\t\t\t<\/div>\r\n\t\t\t\t\t<\/div>\r\n\t\t\t\t<\/section>\r\n\t\t\t\t<section class=\"elementor-section elementor-top-section elementor-element elementor-element-9a703e8 elementor-section-boxed elementor-section-height-default elementor-section-height-default\" data-id=\"9a703e8\" data-element_type=\"section\" data-e-type=\"section\">\r\n\t\t\r\n\t\t\t\t\t\t\t<div class=\"elementor-container elementor-column-gap-default\">\r\n\t\t\t\t\t\t\t\t\t\t\t<div class=\"elementor-column elementor-col-100 elementor-top-column elementor-element elementor-element-45e03a8\" data-id=\"45e03a8\" data-element_type=\"column\" data-e-type=\"column\">\r\n\t\t\t\t\t<div class=\"elementor-widget-wrap elementor-element-populated\">\r\n\t\t\t\t\t\t\t\t<div class=\"elementor-element elementor-element-c845102 elementor-widget elementor-widget-heading\" data-id=\"c845102\" data-element_type=\"widget\" data-e-type=\"widget\" data-widget_type=\"heading.default\">\n\t\t\t\t<div class=\"elementor-widget-container\">\n\t\t\t\t\t<h2 class=\"elementor-heading-title elementor-size-default\">Option de Paiement Oney Bank\n<\/h2>\t\t\t\t<\/div>\n\t\t\t\t<\/div>\n\t\t\t\t<div class=\"elementor-element elementor-element-4794d59 elementor-widget elementor-widget-text-editor\" data-id=\"4794d59\" data-element_type=\"widget\" data-e-type=\"widget\" data-widget_type=\"text-editor.default\">\n\t\t\t\t<div class=\"elementor-widget-container\">\n\t\t\t\t\t\t\t\t\t<p>3X 4X AVEC FRAIS<br \/>Paiement de votre commande en 3 ou 4 fois par CB \u00e0 partir de 100\u20ac d\u2019achats jusqu\u2019\u00e0 3000\u20ac avec Oney Bank.<br \/><span style=\"text-decoration: underline;\"><a href=\"https:\/\/www.payplug.com\/hubfs\/CGV%20PayPlug%20Oney%20pour%20CGV%20site%20marchand.pdf\" target=\"_blank\" rel=\"noopener\" data-saferedirecturl=\"https:\/\/www.google.com\/url?q=https:\/\/www.payplug.com\/hubfs\/CGV%2520PayPlug%2520Oney%2520pour%2520CGV%2520site%2520marchand.pdf&amp;source=gmail&amp;ust=1624603752737000&amp;usg=AFQjCNHB8Pd_4GWLOGyviVO3WsVYKk_IBw\">https:\/\/www.payplug.com\/hubfs\/<wbr \/>CGV%20PayPlug%20Oney%20pour%<wbr \/>20CGV%20site%20marchand.pdf<\/a><\/span>\u00a0\u00a0\u00bb<\/p>\t\t\t\t\t\t\t\t<\/div>\n\t\t\t\t<\/div>\n\t\t\t\t\t<\/div>\r\n\t\t\t\t<\/div>\r\n\t\t\t\t\t<\/div>\r\n\t\t\t\t<\/section>\r\n\t\t\t\t<\/div>\n\t\t","protected":false},"excerpt":{"rendered":"<p>Conditions G\u00e9n\u00e9rales de Vente Mentions L\u00e9gales URL : www.reviscience-labs.com (le site)Edit\u00e9 par la soci\u00e9t\u00e9 COBO, SARL, dont le si\u00e8ge social est 89 rue Saint Honor\u00e9 75001 Paris, France, SIRET 50974997400010, agissant au nom et pour le compte de la marque REVISCIENCE LABS. N\u00b0 de TVA intracommunautaire : FR23509749974 Service client : Courrier \u00e9lectronique : info@revivre-labs.com [&hellip;]<\/p>\n","protected":false},"author":1,"featured_media":0,"parent":0,"menu_order":0,"comment_status":"closed","ping_status":"closed","template":"","meta":{"footnotes":""},"class_list":["post-4698","page","type-page","status-publish","hentry"],"_links":{"self":[{"href":"https:\/\/revivre-labs.com\/fr\/wp-json\/wp\/v2\/pages\/4698","targetHints":{"allow":["GET"]}}],"collection":[{"href":"https:\/\/revivre-labs.com\/fr\/wp-json\/wp\/v2\/pages"}],"about":[{"href":"https:\/\/revivre-labs.com\/fr\/wp-json\/wp\/v2\/types\/page"}],"author":[{"embeddable":true,"href":"https:\/\/revivre-labs.com\/fr\/wp-json\/wp\/v2\/users\/1"}],"replies":[{"embeddable":true,"href":"https:\/\/revivre-labs.com\/fr\/wp-json\/wp\/v2\/comments?post=4698"}],"version-history":[{"count":0,"href":"https:\/\/revivre-labs.com\/fr\/wp-json\/wp\/v2\/pages\/4698\/revisions"}],"wp:attachment":[{"href":"https:\/\/revivre-labs.com\/fr\/wp-json\/wp\/v2\/media?parent=4698"}],"curies":[{"name":"wp","href":"https:\/\/api.w.org\/{rel}","templated":true}]}}