{"id":1932,"date":"2022-05-02T08:54:56","date_gmt":"2022-05-02T08:54:56","guid":{"rendered":"https:\/\/revivre-labs.com\/beta\/?page_id=1932"},"modified":"2023-01-29T21:05:39","modified_gmt":"2023-01-29T20:05:39","slug":"presse","status":"publish","type":"page","link":"https:\/\/revivre-labs.com\/fr\/presse\/","title":{"rendered":"Presse"},"content":{"rendered":"\t\t<div data-elementor-type=\"wp-page\" data-elementor-id=\"1932\" class=\"elementor elementor-1932\" data-elementor-post-type=\"page\">\n\t\t\t\t\t\t<section class=\"elementor-section elementor-top-section elementor-element elementor-element-49bb61d elementor-section-height-min-height elementor-section-boxed elementor-section-height-default elementor-section-items-middle\" data-id=\"49bb61d\" data-element_type=\"section\" data-e-type=\"section\" data-settings=\"{&quot;background_background&quot;:&quot;classic&quot;}\">\r\n\t\t\r\n\t\t\t\t\t\t\t<div class=\"elementor-container elementor-column-gap-default\">\r\n\t\t\t\t\t\t\t\t\t\t\t<div class=\"elementor-column elementor-col-100 elementor-top-column elementor-element elementor-element-d5f3f8d\" data-id=\"d5f3f8d\" data-element_type=\"column\" data-e-type=\"column\">\r\n\t\t\t\t\t<div class=\"elementor-widget-wrap elementor-element-populated\">\r\n\t\t\t\t\t\t\t\t<div class=\"elementor-element elementor-element-2bbac6c elementor-widget elementor-widget-heading\" data-id=\"2bbac6c\" data-element_type=\"widget\" data-e-type=\"widget\" data-widget_type=\"heading.default\">\n\t\t\t\t<div class=\"elementor-widget-container\">\n\t\t\t\t\t<h2 class=\"elementor-heading-title elementor-size-default\">Ils parlent de nous<\/h2>\t\t\t\t<\/div>\n\t\t\t\t<\/div>\n\t\t\t\t\t<\/div>\r\n\t\t\t\t<\/div>\r\n\t\t\t\t\t<\/div>\r\n\t\t\t\t<\/section>\r\n\t\t\t\t<section class=\"elementor-section elementor-top-section elementor-element elementor-element-7a8de75 elementor-section-full_width elementor-section-height-default elementor-section-height-default\" data-id=\"7a8de75\" data-element_type=\"section\" data-e-type=\"section\">\r\n\t\t\r\n\t\t\t\t\t\t\t<div class=\"elementor-container elementor-column-gap-default\">\r\n\t\t\t\t\t\t\t\t\t\t\t<div class=\"elementor-column elementor-col-100 elementor-top-column elementor-element elementor-element-52c4dc3\" data-id=\"52c4dc3\" data-element_type=\"column\" data-e-type=\"column\">\r\n\t\t\t\t\t<div class=\"elementor-widget-wrap elementor-element-populated\">\r\n\t\t\t\t\t\t\t\t<div class=\"elementor-element elementor-element-4c3422c elementor-widget elementor-widget-image-carousel\" data-id=\"4c3422c\" data-element_type=\"widget\" data-e-type=\"widget\" id=\"presse\" data-settings=\"{&quot;slides_to_show&quot;:&quot;4&quot;,&quot;slides_to_show_tablet&quot;:&quot;3&quot;,&quot;slides_to_show_mobile&quot;:&quot;1&quot;,&quot;slides_to_scroll&quot;:&quot;1&quot;,&quot;navigation&quot;:&quot;none&quot;,&quot;pause_on_hover&quot;:&quot;no&quot;,&quot;pause_on_interaction&quot;:&quot;no&quot;,&quot;autoplay_speed&quot;:0,&quot;speed&quot;:7000,&quot;image_spacing_custom&quot;:{&quot;unit&quot;:&quot;px&quot;,&quot;size&quot;:88,&quot;sizes&quot;:[]},&quot;autoplay&quot;:&quot;yes&quot;,&quot;infinite&quot;:&quot;yes&quot;,&quot;image_spacing_custom_laptop&quot;:{&quot;unit&quot;:&quot;px&quot;,&quot;size&quot;:&quot;&quot;,&quot;sizes&quot;:[]},&quot;image_spacing_custom_tablet&quot;:{&quot;unit&quot;:&quot;px&quot;,&quot;size&quot;:&quot;&quot;,&quot;sizes&quot;:[]}}\" data-widget_type=\"image-carousel.default\">\n\t\t\t\t<div class=\"elementor-widget-container\">\n\t\t\t\t\t            <div class=\"elementor-image-carousel-wrapper swiper\" role=\"region\" aria-roledescription=\"carousel\" aria-label=\"Carrousel d\u2019images\" dir=\"ltr\">\n                <div class=\"elementor-image-carousel swiper-wrapper\" aria-live=\"off\">\n\t\t\t\t\t\t\t\t\t\t<div class=\"swiper-slide\"><a data-elementor-open-lightbox=\"yes\" data-elementor-lightbox-slideshow=\"4c3422c\" data-elementor-lightbox-title=\"ELLE 2\" data-e-action-hash=\"#elementor-action%3Aaction%3Dlightbox%26settings%3DeyJpZCI6ODcwNywidXJsIjoiaHR0cHM6XC9cL3Jldml2cmUtbGFicy5jb21cL2ZyXC93cC1jb250ZW50XC91cGxvYWRzXC8yMDIzXC8wMVwvRUxMRS0yLnBuZyIsInNsaWRlc2hvdyI6IjRjMzQyMmMifQ%3D%3D\" href=\"https:\/\/revivre-labs.com\/fr\/wp-content\/uploads\/2023\/01\/ELLE-2.png\"><figure class=\"swiper-slide-inner\"><img decoding=\"async\" class=\"swiper-slide-image\" src=\"https:\/\/revivre-labs.com\/fr\/wp-content\/uploads\/2023\/01\/ELLE-2.png\" alt=\"\u00ab Pour que l\u2019organisme transforme les graisses en \u00e9nergie \u00bb\" \/><figcaption class=\"elementor-image-carousel-caption\">\u00ab Pour que l\u2019organisme transforme les graisses en \u00e9nergie \u00bb<\/figcaption><\/figure><\/a><\/div><div class=\"swiper-slide\"><a data-elementor-open-lightbox=\"no\" href=\"https:\/\/www.medisite.fr\/cheveux-5-astuces-pour-faire-pousser-les-cheveux-plus-vite-selon-une-dermatologue.5604861.524519.html?page=3 \" target=\"_blank\"><figure class=\"swiper-slide-inner\"><img decoding=\"async\" class=\"swiper-slide-image\" src=\"https:\/\/revivre-labs.com\/fr\/wp-content\/uploads\/2022\/10\/logo-medisite-20-black-e1665620363955.png\" alt=\"\u201cLes compl\u00e9ments Reviscience Labs auront un effet global sur les cheveux, les ongles et la peau&quot;\" \/><figcaption class=\"elementor-image-carousel-caption\">\u201cLes compl\u00e9ments Reviscience Labs auront un effet global sur les cheveux, les ongles et la peau\"<\/figcaption><\/figure><\/a><\/div><div class=\"swiper-slide\"><a data-elementor-open-lightbox=\"no\" href=\"https:\/\/www.beautytoaster.fr\/2020\/07\/08\/bruno-houn-complement-alimentaire-revivre-labs-hns250\/ \" target=\"_blank\"><figure class=\"swiper-slide-inner\"><img decoding=\"async\" class=\"swiper-slide-image\" src=\"https:\/\/revivre-labs.com\/fr\/wp-content\/uploads\/2022\/10\/logobeautytoaster4copie-e1665619681150.png\" alt=\"\u201cEn savoir plus sur comment ces compl\u00e9ments vont nous aider \u00e0 vieillir le mieux possible\u201d\" \/><figcaption class=\"elementor-image-carousel-caption\">\u201cEn savoir plus sur comment ces compl\u00e9ments vont nous aider \u00e0 vieillir le mieux possible\u201d<\/figcaption><\/figure><\/a><\/div><div class=\"swiper-slide\"><a data-elementor-open-lightbox=\"no\" href=\"https:\/\/revivre-labs.com\/fr\/wp-content\/uploads\/2022\/06\/Cosmopolitan.pdf\" target=\"_blank\"><figure class=\"swiper-slide-inner\"><img decoding=\"async\" class=\"swiper-slide-image\" src=\"https:\/\/revivre-labs.com\/fr\/wp-content\/uploads\/2022\/04\/cosmopolian.webp\" alt=\"\u00ab Ce compl\u00e9ment alimentaire r\u00e9unit tous les \u00e9l\u00e9ments de la peau canon \u00bb\" \/><figcaption class=\"elementor-image-carousel-caption\">\u00ab Ce compl\u00e9ment alimentaire r\u00e9unit tous les \u00e9l\u00e9ments de la peau canon \u00bb<\/figcaption><\/figure><\/a><\/div><div class=\"swiper-slide\"><a data-elementor-open-lightbox=\"no\" href=\"https:\/\/www.gala.fr\/beaute\/tendances_beaute\/nutricosmetique-les-conseils-de-pro-avant-de-sy-mettre_448297\" target=\"_blank\"><figure class=\"swiper-slide-inner\"><img decoding=\"async\" class=\"swiper-slide-image\" src=\"https:\/\/revivre-labs.com\/fr\/wp-content\/uploads\/2022\/04\/gala-logo.jpg.webp\" alt=\"\u00ab Des g\u00e9lules \u00e0 avaler pour plumper ses ridules \u00bb\" \/><figcaption class=\"elementor-image-carousel-caption\">\u00ab Des g\u00e9lules \u00e0 avaler pour plumper ses ridules \u00bb<\/figcaption><\/figure><\/a><\/div><div class=\"swiper-slide\"><a data-elementor-open-lightbox=\"no\" href=\"https:\/\/revivre-labs.com\/fr\/wp-content\/uploads\/2022\/06\/Biba.pdf\" target=\"_blank\"><figure class=\"swiper-slide-inner\"><img decoding=\"async\" class=\"swiper-slide-image\" src=\"https:\/\/revivre-labs.com\/fr\/wp-content\/uploads\/2022\/05\/Biba-magazine-logo-2.png\" alt=\"\u00ab Peau plus douce, fibre plus forte \u00bb\" \/><figcaption class=\"elementor-image-carousel-caption\">\u00ab Peau plus douce, fibre plus forte \u00bb<\/figcaption><\/figure><\/a><\/div><div class=\"swiper-slide\"><a data-elementor-open-lightbox=\"no\" href=\"https:\/\/www.vogue.fr\/beaute\/article\/complements-alimentaires-pour-avoir-une-belle-peau\" target=\"_blank\"><figure class=\"swiper-slide-inner\"><img decoding=\"async\" class=\"swiper-slide-image\" src=\"https:\/\/revivre-labs.com\/fr\/wp-content\/uploads\/2022\/04\/vogue.webp\" alt=\"\u00ab Ils ont m\u00eame re\u00e7u l\u2019approbation de l\u2019agence de mannequins Smith &amp; Smith \u00bb\" \/><figcaption class=\"elementor-image-carousel-caption\">\u00ab Ils ont m\u00eame re\u00e7u l\u2019approbation de l\u2019agence de mannequins Smith &amp; Smith \u00bb<\/figcaption><\/figure><\/a><\/div><div class=\"swiper-slide\"><a data-elementor-open-lightbox=\"no\" href=\"https:\/\/revivre-labs.com\/fr\/wp-content\/uploads\/2022\/06\/Marie-Claire-Jan-20.pdf\" target=\"_blank\"><figure class=\"swiper-slide-inner\"><img decoding=\"async\" class=\"swiper-slide-image\" src=\"https:\/\/revivre-labs.com\/fr\/wp-content\/uploads\/2022\/05\/marie-claire2.png\" alt=\"\u00ab Ces capsules offrent une protection antioxydante efficace \u00bb\" \/><figcaption class=\"elementor-image-carousel-caption\">\u00ab Ces capsules offrent une protection antioxydante efficace \u00bb<\/figcaption><\/figure><\/a><\/div><div class=\"swiper-slide\"><a data-elementor-open-lightbox=\"no\" href=\"https:\/\/revivre-labs.com\/fr\/wp-content\/uploads\/2022\/06\/sante-magazine.pdf\" target=\"_blank\"><figure class=\"swiper-slide-inner\"><img decoding=\"async\" class=\"swiper-slide-image\" src=\"https:\/\/revivre-labs.com\/fr\/wp-content\/uploads\/2022\/05\/logo-sante-magazine-1.png\" alt=\"\u00ab La juste dose de vitamines et d\u2019oligo\u00e9l\u00e9ments \u00bb\" \/><figcaption class=\"elementor-image-carousel-caption\">\u00ab La juste dose de vitamines et d\u2019oligo\u00e9l\u00e9ments \u00bb<\/figcaption><\/figure><\/a><\/div><div class=\"swiper-slide\"><a data-elementor-open-lightbox=\"no\" href=\"https:\/\/www.voici.fr\/beaute\/5-soins-a-la-keratine-pour-des-cheveux-forts-et-lumineux-667948\" target=\"_blank\"><figure class=\"swiper-slide-inner\"><img decoding=\"async\" class=\"swiper-slide-image\" src=\"https:\/\/revivre-labs.com\/fr\/wp-content\/uploads\/2022\/04\/voici-logo.jpg.webp\" alt=\"\u00ab Pour fabriquer naturellement un rab\u2019 de k\u00e9ratine \u00bb\" \/><figcaption class=\"elementor-image-carousel-caption\">\u00ab Pour fabriquer naturellement un rab\u2019 de k\u00e9ratine \u00bb<\/figcaption><\/figure><\/a><\/div><div class=\"swiper-slide\"><a data-elementor-open-lightbox=\"no\" href=\"https:\/\/revivre-labs.com\/fr\/wp-content\/uploads\/2022\/06\/article-paris-match.pdf\" target=\"_blank\"><figure class=\"swiper-slide-inner\"><img decoding=\"async\" class=\"swiper-slide-image\" src=\"https:\/\/revivre-labs.com\/fr\/wp-content\/uploads\/2022\/05\/Paris_Match_1981_logo-1.png\" alt=\"\u00ab On peut \u00e0 pr\u00e9sent aider les cellules \u00e0 mieux fonctionner de mani\u00e8re cibl\u00e9e \u00bb\" \/><figcaption class=\"elementor-image-carousel-caption\">\u00ab On peut \u00e0 pr\u00e9sent aider les cellules \u00e0 mieux fonctionner de mani\u00e8re cibl\u00e9e \u00bb<\/figcaption><\/figure><\/a><\/div>                <\/div>\n\t\t\t\t\t\t\t\t\t\t\t\t\t\t\t\t\t\t            <\/div>\n\t\t\t\t\t\t\t<\/div>\n\t\t\t\t<\/div>\n\t\t\t\t\t<\/div>\r\n\t\t\t\t<\/div>\r\n\t\t\t\t\t<\/div>\r\n\t\t\t\t<\/section>\r\n\t\t\t\t<section class=\"elementor-section elementor-top-section elementor-element elementor-element-c5b662d elementor-section-full_width elementor-section-height-default elementor-section-height-default\" data-id=\"c5b662d\" data-element_type=\"section\" data-e-type=\"section\">\r\n\t\t\r\n\t\t\t\t\t\t\t<div class=\"elementor-container elementor-column-gap-extended\">\r\n\t\t\t\t\t\t\t\t\t\t\t<div class=\"elementor-column elementor-col-100 elementor-top-column elementor-element elementor-element-c7cae74\" data-id=\"c7cae74\" data-element_type=\"column\" data-e-type=\"column\">\r\n\t\t\t\t\t<div class=\"elementor-widget-wrap elementor-element-populated\">\r\n\t\t\t\t\t\t\t\t<div class=\"elementor-element elementor-element-26f3e64 elementor-widget elementor-widget-heading\" data-id=\"26f3e64\" data-element_type=\"widget\" data-e-type=\"widget\" data-widget_type=\"heading.default\">\n\t\t\t\t<div class=\"elementor-widget-container\">\n\t\t\t\t\t<h2 class=\"elementor-heading-title elementor-size-default\">Contact presse : Laurence Simon +33 6 18 67 04 08<\/h2>\t\t\t\t<\/div>\n\t\t\t\t<\/div>\n\t\t\t\t\t<\/div>\r\n\t\t\t\t<\/div>\r\n\t\t\t\t\t<\/div>\r\n\t\t\t\t<\/section>\r\n\t\t\t\t<\/div>\n\t\t","protected":false},"excerpt":{"rendered":"<p>Ils parlent de nous \u00ab Pour que l\u2019organisme transforme les graisses en \u00e9nergie \u00bb \u201cLes compl\u00e9ments Reviscience Labs auront un effet global sur les cheveux, les ongles et la peau\u00a0\u00bb \u201cEn savoir plus sur comment ces compl\u00e9ments vont nous aider \u00e0 vieillir le mieux possible\u201d \u00ab Ce compl\u00e9ment alimentaire r\u00e9unit tous les \u00e9l\u00e9ments de la [&hellip;]<\/p>\n","protected":false},"author":1,"featured_media":0,"parent":0,"menu_order":0,"comment_status":"closed","ping_status":"closed","template":"","meta":{"footnotes":""},"class_list":["post-1932","page","type-page","status-publish","hentry"],"_links":{"self":[{"href":"https:\/\/revivre-labs.com\/fr\/wp-json\/wp\/v2\/pages\/1932","targetHints":{"allow":["GET"]}}],"collection":[{"href":"https:\/\/revivre-labs.com\/fr\/wp-json\/wp\/v2\/pages"}],"about":[{"href":"https:\/\/revivre-labs.com\/fr\/wp-json\/wp\/v2\/types\/page"}],"author":[{"embeddable":true,"href":"https:\/\/revivre-labs.com\/fr\/wp-json\/wp\/v2\/users\/1"}],"replies":[{"embeddable":true,"href":"https:\/\/revivre-labs.com\/fr\/wp-json\/wp\/v2\/comments?post=1932"}],"version-history":[{"count":1,"href":"https:\/\/revivre-labs.com\/fr\/wp-json\/wp\/v2\/pages\/1932\/revisions"}],"predecessor-version":[{"id":10930,"href":"https:\/\/revivre-labs.com\/fr\/wp-json\/wp\/v2\/pages\/1932\/revisions\/10930"}],"wp:attachment":[{"href":"https:\/\/revivre-labs.com\/fr\/wp-json\/wp\/v2\/media?parent=1932"}],"curies":[{"name":"wp","href":"https:\/\/api.w.org\/{rel}","templated":true}]}}