{"id":16,"date":"2022-04-06T22:42:33","date_gmt":"2022-04-06T22:42:33","guid":{"rendered":"https:\/\/revivre-labs.com\/beta\/index.php\/mon-compte\/"},"modified":"2022-09-20T23:16:03","modified_gmt":"2022-09-20T21:16:03","slug":"mon-compte","status":"publish","type":"page","link":"https:\/\/revivre-labs.com\/fr\/mon-compte\/","title":{"rendered":"Mon compte"},"content":{"rendered":"\t\t<div data-elementor-type=\"wp-page\" data-elementor-id=\"16\" class=\"elementor elementor-16\" data-elementor-post-type=\"page\">\n\t\t\t\t\t\t<section class=\"elementor-section elementor-top-section elementor-element elementor-element-9103891 elementor-section-height-min-height elementor-section-boxed elementor-section-height-default elementor-section-items-middle\" data-id=\"9103891\" data-element_type=\"section\" data-e-type=\"section\" data-settings=\"{&quot;background_background&quot;:&quot;classic&quot;}\">\r\n\t\t\t\t\t\t<div class=\"elementor-background-overlay\"><\/div>\r\n\t\t\t\r\n\t\t\t\t\t\t\t<div class=\"elementor-container elementor-column-gap-default\">\r\n\t\t\t\t\t\t\t\t\t\t\t<div class=\"elementor-column elementor-col-100 elementor-top-column elementor-element elementor-element-e2cf2d3\" data-id=\"e2cf2d3\" data-element_type=\"column\" data-e-type=\"column\">\r\n\t\t\t\t\t<div class=\"elementor-widget-wrap elementor-element-populated\">\r\n\t\t\t\t\t\t\t\t<div class=\"elementor-element elementor-element-4e694a7 elementor-widget elementor-widget-heading\" data-id=\"4e694a7\" data-element_type=\"widget\" data-e-type=\"widget\" data-widget_type=\"heading.default\">\n\t\t\t\t<div class=\"elementor-widget-container\">\n\t\t\t\t\t<h2 class=\"elementor-heading-title elementor-size-default\">Mon compte<\/h2>\t\t\t\t<\/div>\n\t\t\t\t<\/div>\n\t\t\t\t\t<\/div>\r\n\t\t\t\t<\/div>\r\n\t\t\t\t\t<\/div>\r\n\t\t\t\t<\/section>\r\n\t\t\t\t<section class=\"elementor-section elementor-top-section elementor-element elementor-element-48448584 elementor-section-boxed elementor-section-height-default elementor-section-height-default\" data-id=\"48448584\" data-element_type=\"section\" data-e-type=\"section\">\r\n\t\t\r\n\t\t\t\t\t\t\t<div class=\"elementor-container elementor-column-gap-default\">\r\n\t\t\t\t\t\t\t\t\t\t\t<div class=\"elementor-column elementor-col-100 elementor-top-column elementor-element elementor-element-2ea90d65\" data-id=\"2ea90d65\" data-element_type=\"column\" data-e-type=\"column\">\r\n\t\t\t\t\t<div class=\"elementor-widget-wrap elementor-element-populated\">\r\n\t\t\t\t\t\t\t\t<div class=\"elementor-element elementor-element-66f05d3f elementor-widget elementor-widget-text-editor\" data-id=\"66f05d3f\" data-element_type=\"widget\" data-e-type=\"widget\" data-widget_type=\"text-editor.default\">\n\t\t\t\t<div class=\"elementor-widget-container\">\n\t\t\t\t\t\t\t\t\t<div class=\"woocommerce\">\n<div class=\"col-lg-10 mx-auto mb-4\">\n<div class=\"align-left \">\n<div class=\"box-content\">\n<div class=\"woocommerce-notices-wrapper\"><\/div>\n<div class=\"u-columns col2-set\" id=\"customer_login\">\n<div class=\"u-column1 col-1\">\n<form class=\"woocommerce-form woocommerce-form-login login pr-lg-4 pe-0\" method=\"post\">\n<h3 class=\"account-sub-title mb-2 font-weight-bold text-capitalize text-v-dark\">Se connecter<\/h3>\n<p class=\"woocommerce-form-row woocommerce-form-row--wide form-row form-row-wide\">\n\t\t\t\t\t\t\t<label class=\"mb-1 font-weight-medium\" for=\"username\">Identifiant ou e-mail&nbsp;<span class=\"required\">*<\/span><\/label><br \/>\n\t\t\t\t\t\t\t<input type=\"text\" class=\"woocommerce-Input woocommerce-Input--text input-text line-height-xl\" name=\"username\" id=\"username\" autocomplete=\"username\" value=\"\" \/>\t\t\t\t\t\t<\/p>\n<p class=\"woocommerce-form-row woocommerce-form-row--wide form-row form-row-wide mb-2\">\n\t\t\t\t\t\t\t<label class=\"mb-1 font-weight-medium\" for=\"password\">Mot de passe&nbsp;<span class=\"required\">*<\/span><\/label><br \/>\n\t\t\t\t\t\t\t<input class=\"woocommerce-Input woocommerce-Input--text input-text line-height-xl\" type=\"password\" name=\"password\" id=\"password\" autocomplete=\"current-password\" \/>\n\t\t\t\t\t\t<\/p>\n<p class=\"status\" style=\"display: none;\">\n<div class=\"woocommerce-LostPassword lost_password d-flex flex-column flex-sm-row justify-content-between mb-4\">\n<div class=\"porto-checkbox my-2 my-sm-0\">\n\t\t\t\t\t\t\t\t<input type=\"checkbox\" name=\"rememberme\" id=\"rememberme\" value=\"forever\" class=\"porto-control-input woocommerce-form__input woocommerce-form__input-checkbox\"><br \/>\n\t\t\t\t\t\t\t\t<label class=\"porto-control-label no-radius\" for=\"rememberme\">Se souvenir de moi<\/label>\n\t\t\t\t\t\t\t<\/div>\n<p>\t\t\t\t\t\t\t<a href=\"https:\/\/revivre-labs.com\/fr\/mon-compte\/lost-password\/\" class=\"text-v-dark font-weight-semibold\">Forgot Password?<\/a>\n\t\t\t\t\t\t<\/div>\n<p class=\"form-row mb-3 mb-lg-0 pb-1 pb-lg-0\">\n\t\t\t\t\t\t\t<input type=\"hidden\" id=\"woocommerce-login-nonce\" name=\"woocommerce-login-nonce\" value=\"37074d54c7\" \/><input type=\"hidden\" name=\"_wp_http_referer\" value=\"\/fr\/wp-json\/wp\/v2\/pages\/16\" \/>\t\t\t\t\t\t\t<button type=\"submit\" class=\"woocommerce-Button button login-btn btn-v-dark py-3 text-md w-100\" name=\"login\" value=\"Se connecter\">Se connecter<\/button>\n\t\t\t\t\t\t<\/p>\n<\/p><\/form>\n<\/p><\/div>\n<div class=\"u-column2 col-2\">\n<form method=\"post\" class=\"woocommerce-form woocommerce-form-register register pl-lg-4 pe-0\"  >\n<h3 class=\"account-sub-title mb-2 font-weight-bold\">S\u2019inscrire<\/h3>\n<p class=\"woocommerce-form-row woocommerce-form-row--wide form-row form-row-wide\">\n\t\t\t\t\t\t\t\t<label class=\"font-weight-medium mb-1\" for=\"reg_username\">Identifiant&nbsp;<span class=\"required\">*<\/span><\/label><br \/>\n\t\t\t\t\t\t\t\t<input type=\"text\" class=\"woocommerce-Input woocommerce-Input--text line-height-xl input-text\" name=\"username\" id=\"reg_username\" autocomplete=\"username\" value=\"\" \/>\t\t\t\t\t\t\t<\/p>\n<p class=\"woocommerce-form-row woocommerce-form-row--wide form-row form-row-wide\">\n\t\t\t\t\t\t\t<label class=\"font-weight-medium mb-1\" for=\"reg_email\">Adresse e-mail&nbsp;<span class=\"required\">*<\/span><\/label><br \/>\n\t\t\t\t\t\t\t<input type=\"email\" class=\"woocommerce-Input woocommerce-Input--text line-height-xl input-text\" name=\"email\" id=\"reg_email\" autocomplete=\"email\" value=\"\" \/>\t\t\t\t\t\t<\/p>\n<p>Un lien permettant de d\u00e9finir un nouveau mot de passe sera envoy\u00e9 \u00e0 votre adresse e-mail.<\/p>\n<p>\t\t\t\t\t\t<wc-order-attribution-inputs><\/wc-order-attribution-inputs><\/p>\n<div class=\"woocommerce-privacy-policy-text\">\n<p>Vos donn\u00e9es personnelles seront utilis\u00e9es pour vous accompagner au cours de votre visite du site web, g\u00e9rer l\u2019acc\u00e8s \u00e0 votre compte, et pour d\u2019autres raisons d\u00e9crites dans notre <a href=\"https:\/\/revivre-labs.com\/fr\/privacy-policy\/\" class=\"woocommerce-privacy-policy-link\" target=\"_blank\">politique de confidentialit\u00e9<\/a>.<\/p>\n<\/div>\n<p class=\"status\" style=\"display: none;\">\n<p class=\"woocommerce-form-row form-row mb-0\">\n\t\t\t\t\t\t\t<input type=\"hidden\" id=\"woocommerce-register-nonce\" name=\"woocommerce-register-nonce\" value=\"ad298b6de3\" \/><input type=\"hidden\" name=\"_wp_http_referer\" value=\"\/fr\/wp-json\/wp\/v2\/pages\/16\" \/>\t\t\t\t\t\t\t<button type=\"submit\" class=\"woocommerce-Button button register-btn btn-v-dark text-md py-3 w-100\" name=\"register\" value=\"S\u2019inscrire\">S\u2019inscrire<\/button>\n\t\t\t\t\t\t<\/p>\n<\/p><\/form>\n<\/p><\/div>\n<\/p><\/div>\n<\/p><\/div>\n<\/p><\/div>\n<\/div>\n<\/div>\n\t\t\t\t\t\t\t\t<\/div>\n\t\t\t\t<\/div>\n\t\t\t\t\t<\/div>\r\n\t\t\t\t<\/div>\r\n\t\t\t\t\t<\/div>\r\n\t\t\t\t<\/section>\r\n\t\t\t\t<\/div>\n\t\t","protected":false},"excerpt":{"rendered":"<p>Mon compte<\/p>\n","protected":false},"author":1,"featured_media":0,"parent":0,"menu_order":0,"comment_status":"closed","ping_status":"closed","template":"","meta":{"footnotes":""},"class_list":["post-16","page","type-page","status-publish","hentry"],"_links":{"self":[{"href":"https:\/\/revivre-labs.com\/fr\/wp-json\/wp\/v2\/pages\/16","targetHints":{"allow":["GET"]}}],"collection":[{"href":"https:\/\/revivre-labs.com\/fr\/wp-json\/wp\/v2\/pages"}],"about":[{"href":"https:\/\/revivre-labs.com\/fr\/wp-json\/wp\/v2\/types\/page"}],"author":[{"embeddable":true,"href":"https:\/\/revivre-labs.com\/fr\/wp-json\/wp\/v2\/users\/1"}],"replies":[{"embeddable":true,"href":"https:\/\/revivre-labs.com\/fr\/wp-json\/wp\/v2\/comments?post=16"}],"version-history":[{"count":0,"href":"https:\/\/revivre-labs.com\/fr\/wp-json\/wp\/v2\/pages\/16\/revisions"}],"wp:attachment":[{"href":"https:\/\/revivre-labs.com\/fr\/wp-json\/wp\/v2\/media?parent=16"}],"curies":[{"name":"wp","href":"https:\/\/api.w.org\/{rel}","templated":true}]}}